{"id":560,"date":"2019-01-15T13:16:20","date_gmt":"2019-01-15T12:16:20","guid":{"rendered":"https:\/\/baudobriga.internet-einfach-machen.de\/hotel\/historie\/"},"modified":"2024-12-19T14:28:37","modified_gmt":"2024-12-19T13:28:37","slug":"historie","status":"publish","type":"page","link":"https:\/\/baudobriga.de\/en\/historie\/","title":{"rendered":"History"},"content":{"rendered":"\n\n\t<h1>\n\t\t\t\tZimmeranfrage\n\t\t\t<\/h1>\n\t<h2>\n\t\t\t\tWas ist \u201eBaudobriga&#8221;?\n\t\t\t<\/h2>\n\t<p>Boppard geh\u00f6rte zu den bedeutenden r\u00f6mischen Siedlungen am Mittelrhein. Durch die Eroberungsfeldz\u00fcge Julius C\u00e4sars in Germanien gelangte auch diese Region in den Machtbereich Roms. Bereits die Kelten lebten hier und gaben dem Ort den antiken Namen \u201eBaudobriga&#8221;. Die R\u00f6mer bauten dann im vierten Jahrhundert eine m\u00e4chtige Festungsanlage. Diesem Kastell gaben sie den Namen \u201eBodobrica&#8221;, woraus sich der heutige Name \u201eBoppard&#8221; entwickelt hat. Nachweise dieser Epoche finden sich an zahlreichen Stellen im Stadtkern und pr\u00e4gen bis heute ma\u00dfgeblich das Stadtbild.<\/p>\n\t\t\t\t<img decoding=\"async\" src=\"https:\/\/baudobriga.de\/wp-content\/uploads\/2019\/01\/bild-restaurant-ries.jpg\" alt=\"Zeitungsanzeige im April 1915\" title=\"bild-restaurant-ries\" itemprop=\"image\"  \/>\n\t<p>W\u00e4hrend der Weinbau in unserer Familie schon seit etlichen Jahrhunderten betrieben wird, ist das Bewirten unserer G\u00e4ste relatives \u201eNeuland&#8221;. Erst Joseph Ries f\u00fchrte im Jahr 1897 Weinbau und Gastronomie zusammen. Das heimische Wohnzimmer wurde zur Gaststube umfunktioniert, das \u201eWeinhaus Ries&#8221; wurde aus der Taufe gehoben. Der Ausschank lief sehr gut und die \u201eGud Stubb&#8221; wurde schnell zu eng. Infolgedessen \u00fcbernahm man das Nachbargrundst\u00fcck mit Rheinblick. Hier wurden neben den gr\u00f6\u00dferen Ausschankr\u00e4umen wenig sp\u00e4ter die ersten G\u00e4stezimmer eingerichtet. Am 13. Sept. 1917 berichtete die Rheinische Zeitung \u00fcber den sp\u00e4tromantischen Komponisten Engelbert Humperdink:<\/p>\n\t<blockquote>\u201eProf. Humperdink stattet seinem fr\u00fcheren Aufenthaltsort hier einen Besuch ab<br \/>\nund hat im Weinhaus Ries Wohnung genommen.&#8221;<\/blockquote>\n<p>In der dritten Generation erweiterten die Eheleute Johann Werner und Annemarie Ries den Hotelbetrieb durch einen Neubau zu heutiger Gr\u00f6\u00dfe mit dem Namen Hotel Baudobriga. Heute f\u00fchren deren j\u00fcngste Tochter Elisabeth und ihr Mann Reinhard das Baudobriga Rheinhotel sowie das Weingut K\u00f6nigshof mit eigenem Gutsausschank.<\/p>\n\n","protected":false},"excerpt":{"rendered":"<p>Zimmeranfrage Was ist \u201eBaudobriga&#8221;? Boppard geh\u00f6rte zu den bedeutenden r\u00f6mischen Siedlungen am Mittelrhein. Durch die Eroberungsfeldz\u00fcge Julius C\u00e4sars in Germanien gelangte auch diese Region in den Machtbereich Roms. Bereits die Kelten lebten hier und gaben dem Ort den antiken Namen \u201eBaudobriga&#8221;. Die R\u00f6mer bauten dann im vierten Jahrhundert eine m\u00e4chtige Festungsanlage. Diesem Kastell gaben sie [&hellip;]<\/p>\n","protected":false},"author":4,"featured_media":0,"parent":0,"menu_order":6,"comment_status":"closed","ping_status":"closed","template":"","meta":{"_seopress_robots_primary_cat":"","_seopress_titles_title":"","_seopress_titles_desc":"Boppard was one of the most important Roman settlements on the Middle Rhine. Julius Caesar's campaigns of conquest also brought this region ...","_seopress_robots_index":"","site-sidebar-layout":"no-sidebar","site-content-layout":"page-builder","ast-site-content-layout":"full-width-container","site-content-style":"unboxed","site-sidebar-style":"unboxed","ast-global-header-display":"","ast-banner-title-visibility":"","ast-main-header-display":"","ast-hfb-above-header-display":"","ast-hfb-below-header-display":"","ast-hfb-mobile-header-display":"","site-post-title":"disabled","ast-breadcrumbs-content":"","ast-featured-img":"disabled","footer-sml-layout":"","ast-disable-related-posts":"","theme-transparent-header-meta":"default","adv-header-id-meta":"","stick-header-meta":"default","header-above-stick-meta":"","header-main-stick-meta":"","header-below-stick-meta":"","astra-migrate-meta-layouts":"default","ast-page-background-enabled":"default","ast-page-background-meta":{"desktop":{"background-color":"","background-image":"","background-repeat":"repeat","background-position":"center center","background-size":"auto","background-attachment":"scroll","background-type":"","background-media":"","overlay-type":"","overlay-color":"","overlay-opacity":"","overlay-gradient":""},"tablet":{"background-color":"","background-image":"","background-repeat":"repeat","background-position":"center center","background-size":"auto","background-attachment":"scroll","background-type":"","background-media":"","overlay-type":"","overlay-color":"","overlay-opacity":"","overlay-gradient":""},"mobile":{"background-color":"","background-image":"","background-repeat":"repeat","background-position":"center center","background-size":"auto","background-attachment":"scroll","background-type":"","background-media":"","overlay-type":"","overlay-color":"","overlay-opacity":"","overlay-gradient":""}},"ast-content-background-meta":{"desktop":{"background-color":"var(--ast-global-color-5)","background-image":"","background-repeat":"repeat","background-position":"center center","background-size":"auto","background-attachment":"scroll","background-type":"","background-media":"","overlay-type":"","overlay-color":"","overlay-opacity":"","overlay-gradient":""},"tablet":{"background-color":"var(--ast-global-color-5)","background-image":"","background-repeat":"repeat","background-position":"center center","background-size":"auto","background-attachment":"scroll","background-type":"","background-media":"","overlay-type":"","overlay-color":"","overlay-opacity":"","overlay-gradient":""},"mobile":{"background-color":"var(--ast-global-color-5)","background-image":"","background-repeat":"repeat","background-position":"center center","background-size":"auto","background-attachment":"scroll","background-type":"","background-media":"","overlay-type":"","overlay-color":"","overlay-opacity":"","overlay-gradient":""}},"footnotes":""},"class_list":["post-560","page","type-page","status-publish","hentry"],"_links":{"self":[{"href":"https:\/\/baudobriga.de\/en\/wp-json\/wp\/v2\/pages\/560","targetHints":{"allow":["GET"]}}],"collection":[{"href":"https:\/\/baudobriga.de\/en\/wp-json\/wp\/v2\/pages"}],"about":[{"href":"https:\/\/baudobriga.de\/en\/wp-json\/wp\/v2\/types\/page"}],"author":[{"embeddable":true,"href":"https:\/\/baudobriga.de\/en\/wp-json\/wp\/v2\/users\/4"}],"replies":[{"embeddable":true,"href":"https:\/\/baudobriga.de\/en\/wp-json\/wp\/v2\/comments?post=560"}],"version-history":[{"count":5,"href":"https:\/\/baudobriga.de\/en\/wp-json\/wp\/v2\/pages\/560\/revisions"}],"predecessor-version":[{"id":4722,"href":"https:\/\/baudobriga.de\/en\/wp-json\/wp\/v2\/pages\/560\/revisions\/4722"}],"wp:attachment":[{"href":"https:\/\/baudobriga.de\/en\/wp-json\/wp\/v2\/media?parent=560"}],"curies":[{"name":"wp","href":"https:\/\/api.w.org\/{rel}","templated":true}]}}