{"id":554,"date":"2019-01-15T13:10:52","date_gmt":"2019-01-15T12:10:52","guid":{"rendered":"https:\/\/baudobriga.internet-einfach-machen.de\/hotel\/weinstuben-restaurant\/"},"modified":"2026-02-17T11:31:29","modified_gmt":"2026-02-17T10:31:29","slug":"weinstuben-restaurant","status":"publish","type":"page","link":"https:\/\/baudobriga.de\/en\/weinstuben-restaurant\/","title":{"rendered":"Restaurant &#038; Wine Pub"},"content":{"rendered":"\n\n\t<h1>\n\t\t\t\tRoom request\n\t\t\t<\/h1>\n\t<p>From the two restaurant rooms you have a beautiful view of the action on the Rhine promenade. When the weather is fine, you can enjoy the <a href=\"https:\/\/baudobriga.de\/weingut-koenigshof\/unser-weingut\/\">hotel&#8217;s own wine<\/a> on the terrace. Our kitchen offers regional dishes.<\/p>\n\t\t\t\t<img decoding=\"async\" src=\"https:\/\/baudobriga.de\/wp-content\/uploads\/2024\/11\/dsc03260-scaled.jpg\" alt=\"Fr\u00fchst\u00fccks- und Restaurantr\u00e4umlichkeiten\" title=\"DSC03260\" itemprop=\"image\"  \/>\n\t\t\t\t<img decoding=\"async\" src=\"https:\/\/baudobriga.de\/wp-content\/uploads\/2024\/11\/dsc03352-scaled.jpg\" alt=\"Terrasse\" title=\"DSC03352\" itemprop=\"image\"  \/>\n\t\t\t\t<img decoding=\"async\" src=\"https:\/\/baudobriga.de\/wp-content\/uploads\/2024\/11\/zddti0gw.jpeg\" alt=\"Rheinterrasse\" title=\"ZddTi0gw\" itemprop=\"image\"  \/>\n\t\t\t\t<img decoding=\"async\" src=\"https:\/\/baudobriga.de\/wp-content\/uploads\/2024\/11\/dsc03067-2-scaled.jpg\" alt=\"Restaurant\" title=\"DSC03067-2\" itemprop=\"image\"  \/>\n\t\t\t\t<img decoding=\"async\" src=\"https:\/\/baudobriga.de\/wp-content\/uploads\/2024\/11\/dsc03290-scaled.jpg\" alt=\"Fr\u00fchst\u00fccks- und Restaurantr\u00e4umlichkeiten\" title=\"DSC03290\" itemprop=\"image\"  \/>\n\n","protected":false},"excerpt":{"rendered":"<p>Room request From the two restaurant rooms you have a beautiful view of the action on the Rhine promenade. When the weather is fine, you can enjoy the hotel&#8217;s own wine on the terrace. Our kitchen offers regional dishes.<\/p>\n","protected":false},"author":4,"featured_media":0,"parent":0,"menu_order":4,"comment_status":"closed","ping_status":"closed","template":"","meta":{"_seopress_robots_primary_cat":"","_seopress_titles_title":"","_seopress_titles_desc":"From the two restaurant rooms you have a beautiful view of the Rhine promenade. Enjoy our own wine on the terrace.","_seopress_robots_index":"","site-sidebar-layout":"no-sidebar","site-content-layout":"page-builder","ast-site-content-layout":"full-width-container","site-content-style":"unboxed","site-sidebar-style":"unboxed","ast-global-header-display":"","ast-banner-title-visibility":"","ast-main-header-display":"","ast-hfb-above-header-display":"","ast-hfb-below-header-display":"","ast-hfb-mobile-header-display":"","site-post-title":"disabled","ast-breadcrumbs-content":"","ast-featured-img":"disabled","footer-sml-layout":"","ast-disable-related-posts":"","theme-transparent-header-meta":"default","adv-header-id-meta":"","stick-header-meta":"","header-above-stick-meta":"","header-main-stick-meta":"","header-below-stick-meta":"","astra-migrate-meta-layouts":"set","ast-page-background-enabled":"default","ast-page-background-meta":{"desktop":{"background-color":"","background-image":"","background-repeat":"repeat","background-position":"center center","background-size":"auto","background-attachment":"scroll","background-type":"","background-media":"","overlay-type":"","overlay-color":"","overlay-opacity":"","overlay-gradient":""},"tablet":{"background-color":"","background-image":"","background-repeat":"repeat","background-position":"center center","background-size":"auto","background-attachment":"scroll","background-type":"","background-media":"","overlay-type":"","overlay-color":"","overlay-opacity":"","overlay-gradient":""},"mobile":{"background-color":"","background-image":"","background-repeat":"repeat","background-position":"center center","background-size":"auto","background-attachment":"scroll","background-type":"","background-media":"","overlay-type":"","overlay-color":"","overlay-opacity":"","overlay-gradient":""}},"ast-content-background-meta":{"desktop":{"background-color":"var(--ast-global-color-5)","background-image":"","background-repeat":"repeat","background-position":"center center","background-size":"auto","background-attachment":"scroll","background-type":"","background-media":"","overlay-type":"","overlay-color":"","overlay-opacity":"","overlay-gradient":""},"tablet":{"background-color":"var(--ast-global-color-5)","background-image":"","background-repeat":"repeat","background-position":"center center","background-size":"auto","background-attachment":"scroll","background-type":"","background-media":"","overlay-type":"","overlay-color":"","overlay-opacity":"","overlay-gradient":""},"mobile":{"background-color":"var(--ast-global-color-5)","background-image":"","background-repeat":"repeat","background-position":"center center","background-size":"auto","background-attachment":"scroll","background-type":"","background-media":"","overlay-type":"","overlay-color":"","overlay-opacity":"","overlay-gradient":""}},"footnotes":""},"class_list":["post-554","page","type-page","status-publish","hentry"],"_links":{"self":[{"href":"https:\/\/baudobriga.de\/en\/wp-json\/wp\/v2\/pages\/554","targetHints":{"allow":["GET"]}}],"collection":[{"href":"https:\/\/baudobriga.de\/en\/wp-json\/wp\/v2\/pages"}],"about":[{"href":"https:\/\/baudobriga.de\/en\/wp-json\/wp\/v2\/types\/page"}],"author":[{"embeddable":true,"href":"https:\/\/baudobriga.de\/en\/wp-json\/wp\/v2\/users\/4"}],"replies":[{"embeddable":true,"href":"https:\/\/baudobriga.de\/en\/wp-json\/wp\/v2\/comments?post=554"}],"version-history":[{"count":6,"href":"https:\/\/baudobriga.de\/en\/wp-json\/wp\/v2\/pages\/554\/revisions"}],"predecessor-version":[{"id":4927,"href":"https:\/\/baudobriga.de\/en\/wp-json\/wp\/v2\/pages\/554\/revisions\/4927"}],"wp:attachment":[{"href":"https:\/\/baudobriga.de\/en\/wp-json\/wp\/v2\/media?parent=554"}],"curies":[{"name":"wp","href":"https:\/\/api.w.org\/{rel}","templated":true}]}}