{"id":541,"date":"2019-01-15T12:43:58","date_gmt":"2019-01-15T11:43:58","guid":{"rendered":"https:\/\/baudobriga.internet-einfach-machen.de\/baudobriga-rheinhotel\/"},"modified":"2026-02-17T11:40:11","modified_gmt":"2026-02-17T10:40:11","slug":"baudobriga-rheinhotel","status":"publish","type":"page","link":"https:\/\/baudobriga.de\/en\/","title":{"rendered":"Baudobriga Rheinhotel"},"content":{"rendered":"\n<h3>\n\t\t\tBaudobriga &#8211; your hotel in Boppard\t<\/h3>\n\t<p>Enjoy your visit to our family owned hotel in the heart of the UNESCO World Heritage region Middle Rhine Valley. Located in the center of Boppard, the Baudobriga Hotel is amidst an exquisite hiking region. Rugged shale, steep vineyards, romantic castles and the glistening river characterize this unique landscape.<\/p>\n<p>Experience it for yourself!<\/p>\n<h3>\n\t\t\tRestaurant &#038; Winery\t<\/h3>\n\t\t\t\t<img decoding=\"async\" src=\"https:\/\/baudobriga.de\/wp-content\/uploads\/2024\/11\/dsc03260-scaled.jpg\" alt=\"Fr\u00fchst\u00fccks- und Restaurantr\u00e4umlichkeiten\" title=\"DSC03260\" itemprop=\"image\"  \/>\n\t<p>In our restaurant, you can enjoy home-style cooking and regional dishes. The dining room and our small but exquisite Rhine terrace offer a magnificent view of the Rhine promenade. In our restaurant, we serve wines produced exclusively at our K\u00f6nigshof vineyard. A special offer is our tasting board with six different wines from the Bopparder Hamm. Feel free to drop by.<\/p>\nTo reserve a table, simply call<br \/>\n+49 (0) 6742 8055-0!\n<h3>\n\t\t\tRooms &#8211; Booking &#038; Request\t<\/h3>\n\t\t\t<a href=\"https:\/\/w35.roomsoftware.com\/en\/baudobriga-rheinhotel\"  target=\"_blank\" rel=\"noopener\"    rel=\"noopener\">\n\t\t\t\t\t\tRequest\n\t\t\t\t\t<\/a>\n\t\t\t<a href=\"https:\/\/baudobriga.de\/en\/room-request\/\"  target=\"_self\">\n\t\t\t\t\t\tBook now!\n\t\t\t\t\t<\/a>\n<h4>\n\t\t\tenjoy &#8211; feel good &#8211; experience\t<\/h4>\n\t<p>The Baudobriga Rheinhotel has 60 beds in 35 rooms. Most of the rooms have a large balcony and a magnificent view of the Rhine. Located directly on the Rhine promenade, it is only 100 meters to the city center. If you fancy a boat trip, the landing stage is directly opposite.<\/p>\n<p>We are also the ideal starting point for cyclists and hikers. A free bicycle storage room is available to store your two-wheelers.<\/p>\n<p>The guest contribution of the town of Boppard is currently \u20ac 2.50 per person per night and will be charged on departure. You will receive a guest card with which you can use VRM public transport free of charge as well as some tourist offers at a discount.<\/p>\n<p>Please note: Our hotel is not barrier-free. The reception area and the guest rooms can only be reached via stairs from Rheinallee or Christengasse. From the reception you can take the elevator to all floors.<\/p>\n\t\t\t\t<img decoding=\"async\" src=\"https:\/\/baudobriga.de\/wp-content\/uploads\/2024\/11\/dsc03365-scaled.jpg\" alt=\"Diele und Rezeption\" title=\"DSC03365\" itemprop=\"image\"  \/>\n\t\t\t\t<img decoding=\"async\" src=\"https:\/\/baudobriga.de\/wp-content\/uploads\/2024\/11\/dsc03067-2-scaled.jpg\" alt=\"Restaurant\" title=\"DSC03067-2\" itemprop=\"image\"  \/>\n\n","protected":false},"excerpt":{"rendered":"<p>Baudobriga &#8211; your hotel in Boppard Enjoy your visit to our family owned hotel in the heart of the UNESCO World Heritage region Middle Rhine Valley. Located in the center of Boppard, the Baudobriga Hotel is amidst an exquisite hiking region. Rugged shale, steep vineyards, romantic castles and the glistening river characterize this unique landscape. [&hellip;]<\/p>\n","protected":false},"author":4,"featured_media":0,"parent":0,"menu_order":5,"comment_status":"closed","ping_status":"open","template":"","meta":{"_seopress_robots_primary_cat":"","_seopress_titles_title":"","_seopress_titles_desc":"Familiengef\u00fchrtes Hotel direkt am Rhein, zentral in Boppard gelegen. Nutzen Sie das Hotel oder Weingut als Ausgangspunkt f\u00fcr Ausfl\u00fcge ins UNESCO-Welterbe Mittelrheintal...","_seopress_robots_index":"","site-sidebar-layout":"default","site-content-layout":"default","ast-site-content-layout":"default","site-content-style":"default","site-sidebar-style":"default","ast-global-header-display":"","ast-banner-title-visibility":"","ast-main-header-display":"","ast-hfb-above-header-display":"","ast-hfb-below-header-display":"","ast-hfb-mobile-header-display":"","site-post-title":"","ast-breadcrumbs-content":"","ast-featured-img":"","footer-sml-layout":"","ast-disable-related-posts":"","theme-transparent-header-meta":"default","adv-header-id-meta":"","stick-header-meta":"default","header-above-stick-meta":"","header-main-stick-meta":"","header-below-stick-meta":"","astra-migrate-meta-layouts":"default","ast-page-background-enabled":"default","ast-page-background-meta":{"desktop":{"background-color":"","background-image":"","background-repeat":"repeat","background-position":"center center","background-size":"auto","background-attachment":"scroll","background-type":"","background-media":"","overlay-type":"","overlay-color":"","overlay-opacity":"","overlay-gradient":""},"tablet":{"background-color":"","background-image":"","background-repeat":"repeat","background-position":"center center","background-size":"auto","background-attachment":"scroll","background-type":"","background-media":"","overlay-type":"","overlay-color":"","overlay-opacity":"","overlay-gradient":""},"mobile":{"background-color":"","background-image":"","background-repeat":"repeat","background-position":"center center","background-size":"auto","background-attachment":"scroll","background-type":"","background-media":"","overlay-type":"","overlay-color":"","overlay-opacity":"","overlay-gradient":""}},"ast-content-background-meta":{"desktop":{"background-color":"var(--ast-global-color-5)","background-image":"","background-repeat":"repeat","background-position":"center center","background-size":"auto","background-attachment":"scroll","background-type":"","background-media":"","overlay-type":"","overlay-color":"","overlay-opacity":"","overlay-gradient":""},"tablet":{"background-color":"var(--ast-global-color-5)","background-image":"","background-repeat":"repeat","background-position":"center center","background-size":"auto","background-attachment":"scroll","background-type":"","background-media":"","overlay-type":"","overlay-color":"","overlay-opacity":"","overlay-gradient":""},"mobile":{"background-color":"var(--ast-global-color-5)","background-image":"","background-repeat":"repeat","background-position":"center center","background-size":"auto","background-attachment":"scroll","background-type":"","background-media":"","overlay-type":"","overlay-color":"","overlay-opacity":"","overlay-gradient":""}},"footnotes":""},"class_list":["post-541","page","type-page","status-publish","hentry"],"_links":{"self":[{"href":"https:\/\/baudobriga.de\/en\/wp-json\/wp\/v2\/pages\/541","targetHints":{"allow":["GET"]}}],"collection":[{"href":"https:\/\/baudobriga.de\/en\/wp-json\/wp\/v2\/pages"}],"about":[{"href":"https:\/\/baudobriga.de\/en\/wp-json\/wp\/v2\/types\/page"}],"author":[{"embeddable":true,"href":"https:\/\/baudobriga.de\/en\/wp-json\/wp\/v2\/users\/4"}],"replies":[{"embeddable":true,"href":"https:\/\/baudobriga.de\/en\/wp-json\/wp\/v2\/comments?post=541"}],"version-history":[{"count":7,"href":"https:\/\/baudobriga.de\/en\/wp-json\/wp\/v2\/pages\/541\/revisions"}],"predecessor-version":[{"id":4939,"href":"https:\/\/baudobriga.de\/en\/wp-json\/wp\/v2\/pages\/541\/revisions\/4939"}],"wp:attachment":[{"href":"https:\/\/baudobriga.de\/en\/wp-json\/wp\/v2\/media?parent=541"}],"curies":[{"name":"wp","href":"https:\/\/api.w.org\/{rel}","templated":true}]}}