{"id":4153,"date":"2024-02-21T14:16:19","date_gmt":"2024-02-21T13:16:19","guid":{"rendered":"https:\/\/baudobriga.de\/our-rooms\/"},"modified":"2025-06-29T21:59:12","modified_gmt":"2025-06-29T19:59:12","slug":"our-rooms","status":"publish","type":"page","link":"https:\/\/baudobriga.de\/en\/our-rooms\/","title":{"rendered":"Our Rooms"},"content":{"rendered":"\n<h1>\n\t\t\tUnsere Zimmer\t<\/h1>\n\t<p>Alle Zimmer sind mit Fernseher, Telefon, Wertfach und Haarf\u00f6n ausgestattet. W-Lan k\u00f6nnen Sie bei Verf\u00fcgbarkeit kostenfrei nutzen. Der G\u00e4stebeitrag der Stadt Boppard betr\u00e4gt zur Zeit 2,50 \u20ac pro Person und \u00dcbernachtung und wird bei Abreise vor Ort berechnet.<\/p>\n<p>Unser Haus ist nicht barrierefrei. Der Rezeptionsbereich sowie die Gastr\u00e4ume sind ausschlie\u00dflich \u00fcber Treppenstufen von der Rheinallee oder Christengasse zu erreichen. Im Haus, ab der Rezeption, gibt es einen Lift zu allen Etagen.<\/p>\n<h2>\n\t\t\tDoppelzimmer\t<\/h2>\n\t<h3>zur Rheinseite<\/h3>\n<p>Unsere Doppelzimmer zur Rheinseite verf\u00fcgen \u00fcber einen Balkon mit Blick auf den Rhein und die andere Rheinseite mit der Filser Lay und dem Rheinsteig.<\/p>\n<p><img loading=\"lazy\" decoding=\"async\" src=\"https:\/\/baudobriga.de\/wp-content\/uploads\/2024\/11\/dsc03628-1-525x350.jpg\" alt=\"\" width=\"525\" height=\"350\" \/><\/p>\n<figure id=\"attachment_4324\" aria-describedby=\"caption-attachment-4324\" style=\"width: 525px\" class=\"wp-caption alignnone\"><img loading=\"lazy\" decoding=\"async\" src=\"https:\/\/baudobriga.de\/wp-content\/uploads\/2024\/11\/dsc03772-525x350.jpg\" alt=\"\" width=\"525\" height=\"350\" \/><figcaption id=\"caption-attachment-4324\" class=\"wp-caption-text\"><em>Beispielbilder f\u00fcr ein Doppelzimmer mit Rheinblick und Balkon<\/em><\/figcaption><\/figure>\n<hr \/>\n<h3>Zweibettzimmer<br \/>\nzur Rheinseite<\/h3>\n<p>Die Kategorie Zweibettzimmer mit Balkon und Rheinblick ist etwas kleiner. Die Betten stehen getrennt hintereinander.<\/p>\n<figure id=\"attachment_4308\" aria-describedby=\"caption-attachment-4308\" style=\"width: 525px\" class=\"wp-caption alignnone\"><img loading=\"lazy\" decoding=\"async\" src=\"https:\/\/baudobriga.de\/wp-content\/uploads\/2024\/11\/dsc03642-525x350.jpg\" alt=\"\" width=\"525\" height=\"350\" \/><figcaption id=\"caption-attachment-4308\" class=\"wp-caption-text\"><em>Beispielbild f\u00fcr ein Zweibettzimmer mit Rheinblick und Balkon<\/em><\/figcaption><\/figure>\n<figure id=\"attachment_4296\" aria-describedby=\"caption-attachment-4296\" style=\"width: 525px\" class=\"wp-caption alignnone\"><img loading=\"lazy\" decoding=\"async\" src=\"https:\/\/baudobriga.de\/wp-content\/uploads\/2024\/11\/dsc03510-1-525x350.jpg\" alt=\"\" width=\"525\" height=\"350\" \/><figcaption id=\"caption-attachment-4296\" class=\"wp-caption-text\"><em>Beispielbild f\u00fcr ein Zweibettzimmer mit Rheinblick und Balkon zur Einzelnutzung<\/em><\/figcaption><\/figure>\n<hr \/>\n<h3>zur Stadtseite<\/h3>\n<p>Die Doppelzimmer zur Stadt verf\u00fcgen \u00fcber einen Balkon; man blickt auf Haus \u201eVierecks&#8221;, in und \u00fcber die Stadt hinweg.<\/p>\n<figure id=\"attachment_4302\" aria-describedby=\"caption-attachment-4302\" style=\"width: 525px\" class=\"wp-caption alignnone\"><img loading=\"lazy\" decoding=\"async\" src=\"https:\/\/baudobriga.de\/wp-content\/uploads\/2024\/11\/dsc03567-525x350.jpg\" alt=\"\" width=\"525\" height=\"350\" \/><figcaption id=\"caption-attachment-4302\" class=\"wp-caption-text\"><em>Beispielbild f\u00fcr ein Doppelzimmer mit Stadtblick<\/em><\/figcaption><\/figure>\n<hr \/>\n<h3>Economy<\/h3>\n<p>Die Economy Doppelzimmer sind unsere einfachste Kategorie; die Zimmerausstattung ist \u00e4hnlich den besseren Kategorien, lediglich die Aussicht fehlt.<\/p>\n<figure id=\"attachment_4318\" aria-describedby=\"caption-attachment-4318\" style=\"width: 525px\" class=\"wp-caption alignnone\"><img loading=\"lazy\" decoding=\"async\" src=\"https:\/\/baudobriga.de\/wp-content\/uploads\/2024\/11\/dsc03740-525x350.jpg\" alt=\"\" width=\"525\" height=\"350\" \/><figcaption id=\"caption-attachment-4318\" class=\"wp-caption-text\"><em>Beispielbild f\u00fcr ein Economy-Doppelzimmer<\/em><\/figcaption><\/figure>\n<hr \/>\n<p>&nbsp;<\/p>\n<h2>\n\t\t\tEinzelzimmer\t<\/h2>\n\t<h3>zur Rheinseite oder Stadtseite<\/h3>\n<p>Die Einzelzimmer befinden sich entweder zur Rheinseite ohne Balkon oder zur Stadtseite ohne oder mit Balkon.<\/p>\n<p>Nat\u00fcrlich k\u00f6nnen Sie als Alleinreisender auch Zimmer mit Balkon zur Rheinseite gegen einen Aufpreis buchen.<\/p>\n<p>&nbsp;<\/p>\n<p><strong>Ben\u00f6tigen Sie ein individuelles Angebot? Bitte <a href=\"https:\/\/baudobriga.de\/en\/room-request\/\">wenden Sie sich direkt an uns<\/a>.<\/strong><\/p>\n<h2>\n\t\t\tFamilien-\/Dreibettzimmer\t<\/h2>\n\t<h3>zur Rheinseite<\/h3>\n<p>Dieses Dreibettzimmer mit Balkon, das sogenannte &#8220;Vogelnest&#8221;, liegt auf der vierten Etage und bietet einen herrlichen Blick auf den Rhein. Diese Kategorie kann auch als Doppelzimmer mit einem Sofa genutzt werden.<\/p>\n<p><img loading=\"lazy\" decoding=\"async\" src=\"https:\/\/baudobriga.de\/wp-content\/uploads\/2024\/11\/dsc03559-522x350.jpg\" alt=\"\" width=\"522\" height=\"350\" \/><\/p>\n<hr \/>\n<h3>zur Stadtseite<\/h3>\n<p>Das Dreibettzimmer mit Stadtblick kann auch als Doppelzimmer mit einem Sofa genutzt werden.<\/p>\n<h3>Familienzimmer<\/h3>\n<p>Unser gro\u00dfz\u00fcgiges Familienzimmer mit Stadtblick und Balkon verf\u00fcgt \u00fcber einen gro\u00dfen Raum in dem 4 Personen in einem gro\u00dfen Doppelbett und zwei Einzelbetten Platz finden. In einem weiteren kleineren Raum steht zus\u00e4tzlich noch ein Babybett.<\/p>\n<p><img loading=\"lazy\" decoding=\"async\" src=\"https:\/\/baudobriga.de\/wp-content\/uploads\/2024\/11\/dsc03717-525x350.jpg\" alt=\"\" width=\"525\" height=\"350\" \/><\/p>\n<p><img loading=\"lazy\" decoding=\"async\" src=\"https:\/\/baudobriga.de\/wp-content\/uploads\/2024\/11\/dsc03728-525x350.jpg\" alt=\"\" width=\"525\" height=\"350\" \/><\/p>\n\t\t\t<a href=\"https:\/\/zimmersoftware.de\/baudobriga-rheinhotel\" target=\"_blank\" rel=\"noopener\">\n\t\t\t\t\t\tPreise &#038; Reservierung \n\t\t\t\t\t<\/a>\n\t\t\t<a href=\"https:\/\/baudobriga.de\/en\/room-request\/\" target=\"_self\">\n\t\t\t\t\t\tAnfrage\n\t\t\t\t\t<\/a>\n\n","protected":false},"excerpt":{"rendered":"<p>Unsere Zimmer Alle Zimmer sind mit Fernseher, Telefon, Wertfach und Haarf\u00f6n ausgestattet. W-Lan k\u00f6nnen Sie bei Verf\u00fcgbarkeit kostenfrei nutzen. Der G\u00e4stebeitrag der Stadt Boppard betr\u00e4gt zur Zeit 2,50 \u20ac pro Person und \u00dcbernachtung und wird bei Abreise vor Ort berechnet. Unser Haus ist nicht barrierefrei. Der Rezeptionsbereich sowie die Gastr\u00e4ume sind ausschlie\u00dflich \u00fcber Treppenstufen von [&hellip;]<\/p>\n","protected":false},"author":4,"featured_media":0,"parent":0,"menu_order":0,"comment_status":"closed","ping_status":"closed","template":"","meta":{"_seopress_robots_primary_cat":"","_seopress_titles_title":"","_seopress_titles_desc":"","_seopress_robots_index":"","site-sidebar-layout":"no-sidebar","site-content-layout":"page-builder","ast-site-content-layout":"default","site-content-style":"default","site-sidebar-style":"default","ast-global-header-display":"","ast-banner-title-visibility":"","ast-main-header-display":"","ast-hfb-above-header-display":"","ast-hfb-below-header-display":"","ast-hfb-mobile-header-display":"","site-post-title":"disabled","ast-breadcrumbs-content":"","ast-featured-img":"disabled","footer-sml-layout":"","ast-disable-related-posts":"","theme-transparent-header-meta":"default","adv-header-id-meta":"","stick-header-meta":"","header-above-stick-meta":"","header-main-stick-meta":"","header-below-stick-meta":"","astra-migrate-meta-layouts":"set","ast-page-background-enabled":"default","ast-page-background-meta":{"desktop":{"background-color":"","background-image":"","background-repeat":"repeat","background-position":"center center","background-size":"auto","background-attachment":"scroll","background-type":"","background-media":"","overlay-type":"","overlay-color":"","overlay-opacity":"","overlay-gradient":""},"tablet":{"background-color":"","background-image":"","background-repeat":"repeat","background-position":"center center","background-size":"auto","background-attachment":"scroll","background-type":"","background-media":"","overlay-type":"","overlay-color":"","overlay-opacity":"","overlay-gradient":""},"mobile":{"background-color":"","background-image":"","background-repeat":"repeat","background-position":"center center","background-size":"auto","background-attachment":"scroll","background-type":"","background-media":"","overlay-type":"","overlay-color":"","overlay-opacity":"","overlay-gradient":""}},"ast-content-background-meta":{"desktop":{"background-color":"var(--ast-global-color-5)","background-image":"","background-repeat":"repeat","background-position":"center center","background-size":"auto","background-attachment":"scroll","background-type":"","background-media":"","overlay-type":"","overlay-color":"","overlay-opacity":"","overlay-gradient":""},"tablet":{"background-color":"var(--ast-global-color-5)","background-image":"","background-repeat":"repeat","background-position":"center center","background-size":"auto","background-attachment":"scroll","background-type":"","background-media":"","overlay-type":"","overlay-color":"","overlay-opacity":"","overlay-gradient":""},"mobile":{"background-color":"var(--ast-global-color-5)","background-image":"","background-repeat":"repeat","background-position":"center center","background-size":"auto","background-attachment":"scroll","background-type":"","background-media":"","overlay-type":"","overlay-color":"","overlay-opacity":"","overlay-gradient":""}},"footnotes":""},"class_list":["post-4153","page","type-page","status-publish","hentry"],"_links":{"self":[{"href":"https:\/\/baudobriga.de\/en\/wp-json\/wp\/v2\/pages\/4153","targetHints":{"allow":["GET"]}}],"collection":[{"href":"https:\/\/baudobriga.de\/en\/wp-json\/wp\/v2\/pages"}],"about":[{"href":"https:\/\/baudobriga.de\/en\/wp-json\/wp\/v2\/types\/page"}],"author":[{"embeddable":true,"href":"https:\/\/baudobriga.de\/en\/wp-json\/wp\/v2\/users\/4"}],"replies":[{"embeddable":true,"href":"https:\/\/baudobriga.de\/en\/wp-json\/wp\/v2\/comments?post=4153"}],"version-history":[{"count":5,"href":"https:\/\/baudobriga.de\/en\/wp-json\/wp\/v2\/pages\/4153\/revisions"}],"predecessor-version":[{"id":4860,"href":"https:\/\/baudobriga.de\/en\/wp-json\/wp\/v2\/pages\/4153\/revisions\/4860"}],"wp:attachment":[{"href":"https:\/\/baudobriga.de\/en\/wp-json\/wp\/v2\/media?parent=4153"}],"curies":[{"name":"wp","href":"https:\/\/api.w.org\/{rel}","templated":true}]}}