{"id":311,"date":"2019-01-09T13:11:43","date_gmt":"2019-01-09T12:11:43","guid":{"rendered":"https:\/\/baudobriga.internet-einfach-machen.de\/?page_id=311"},"modified":"2024-02-22T16:14:57","modified_gmt":"2024-02-22T15:14:57","slug":"agb","status":"publish","type":"page","link":"https:\/\/baudobriga.de\/en\/weingut-koenigshof\/probe-verkauf\/agb\/","title":{"rendered":"AGB"},"content":{"rendered":"\n\n\t<h1>\n\t\t\t\tAllgemeine Gesch\u00e4ftsbedingungen\n\t\t\t<\/h1>\n\tWeingut K\u00f6nigshof<br \/>\nElisabeth Ries<br \/>\nRheinallee 43<br \/>\n56154 Boppard\n<h4>Bestellung<\/h4>\n<p>Die Bestellung kann m\u00fcndlich, fernm\u00fcndlich, oder schriftlich per Post oder E-Mail erfolgen.<\/p>\n<h4>Vertragsabschluss<\/h4>\n<p>Der Kaufvertrag kommt, vorbehaltlich eines Widerrufsrechtes, mit unserer separaten Auftragsbest\u00e4tigung oder Lieferung der Waren zustande. Alle Angebote sind freibleibend. Es gilt ausschlie\u00dflich das Recht der Bundesrepublik Deutschland. Ihre Bestellung ist verbindlich, und mit ihr erkennen Sie unsere Allgemeinen Gesch\u00e4ftsbedingungen an.<\/p>\n<p>Der Verkauf von Alkohol an Jugendliche unter 18 Jahre ist verboten. Unsere Angebote richten sich ausschlie\u00dflich an Erwachsene. Der Besteller hat daf\u00fcr Sorge zu tragen, dass die Ware beim Empfang von einer vollj\u00e4hrigen Person entgegengenommen wird.<\/p>\n<h4>Lieferzeiten\/Lieferkostenpauschale<\/h4>\n<p>Die Lieferzeit betr\u00e4gt in der Regel ca. 3 &#8211; 6 Tage ab Bestelleingang. Sollten wir diese Frist einmal nicht einhalten k\u00f6nnen, werden wir Sie umgehend informieren. Die Preise verstehen sich f\u00fcr die 0,375-, 0,75-, 1,0- Ltr.-Flaschen einschlie\u00dflich Glas und Mehrwertsteuer.<\/p>\nDie Verpackungs- und Versandkostenpauschale innerhalb Deutschlands ohne Inselzuschlag finden Sie auf der Weinliste in dieser Homepage; die aktuellen Versandkosten ins Ausland erfragen Sie am besten unter 06742 80550.<br \/>\nWir versenden in speziellen Versandkartons mit 3 ,6 ,12 oder 15 x 0,75 Ltr.-Flaschen sowie 6 oder 12 x 1,0 Ltr.-Flaschen.\n<p>Beim Ausverkauf einer in Auftrag gegebenen Sorte behalten wir uns vor, preis- und g\u00fcte\u00e4hnlichen Wein zu liefern. Wir bitten Sie, die Flaschenanzahl sowie die Weinsorten unmittelbar bei Empfang auf deren \u00dcbereinstimmung mit der Bestellung zu \u00fcberpr\u00fcfen. Sollte die gelieferte Ware nicht mit der bestellten Ware \u00fcbereinstimmen, setzen Sie sich bitte unverz\u00fcglich mit uns in Verbindung.<\/p>\n<p>Einkaufs- oder Lieferungsbedingungen der Auftraggeber sind f\u00fcr uns unverbindlich.<\/p>\n<h4>Ersatz-\/Teillieferung<\/h4>\n<p>Sollte einmal der von Ihnen bestellte Wein bzw. die von Ihnen bestellte Ware nicht verf\u00fcgbar sein, beispielsweise wegen jahrgangs- oder ausstattungsbedingter \u00c4nderungen, sind wir zur Leistung nicht verpflichtet. Wir werden Sie aber unverz\u00fcglich \u00fcber die Nichtverf\u00fcgbarkeit informieren und evtl. bereits erfolgte Zahlungen zur\u00fcckerstatten. Wir sind auch gerne bereit, mit Ihnen die Lieferung einer nach Preis und Qualit\u00e4t vergleichbaren Ware abzustimmen.<\/p>\n<h4>Preise\/Mehrwertsteuer\/Eigentumsvorbehalt<\/h4>\n<p>Unsere Preise sind Endpreise in Euro inklusive der aktuellen gesetzlichen Mehrwertsteuer. Es gelten die Preise zum Zeitpunkt der Bestellung. Trotz sorgf\u00e4ltiger Bevorratung kann es vorkommen, dass ein Artikel schneller als vorgesehen ausverkauft ist. Wir geben deshalb keine Liefergarantie. Es gilt: Nur solange Vorrat reicht. Die Ware bleibt bis zur vollst\u00e4ndigen Bezahlung Eigentum des Weinguts K\u00f6nigshof, Elisabeth Ries, Rheinallee 43, 56154 Boppard<\/p>\n<h4>Bezahlung<\/h4>\n<p>Bei Neukunden gilt Zahlung per Vorauskasse. Das Weingut K\u00f6nigshof beh\u00e4lt sich das Recht vor, im Einzelfall bestimmte Zahlarten auszuschlie\u00dfen, bzw. die Zahlarten Lastschrift oder Vorauskasse einzusetzen. Die Rechnungsbetr\u00e4ge sind rein netto bei Bezug zahlbar.<\/p>\n<h4>Lastschrift<\/h4>\n<p>F\u00fcr den Fall, dass Lastschriften von der Bank wegen Ihrer Seite verschuldeter Umst\u00e4nde, beispielsweise der Angabe einer falschen Kontonummer oder eines ungedeckten Kontos zur\u00fcckgewiesen werden, behalten wir uns vor, die hierdurch entstehenden Bankspesen gesondert in Rechnung zu stellen. Der Zahlungsvorgang wird sieben Tage nach Warenausgang aus unserem Lager ausgel\u00f6st.<\/p>\n<h4>Vorauskasse<\/h4>\n<p>Bei Neukunden behalten wir uns vor, die Lieferung nur gegen Vorauskasse zu versenden.<\/p>\n<h4>Gew\u00e4hrleistung<\/h4>\n<p>Es gelten die gesetzlichen Gew\u00e4hrleistungsrechte.<\/p>\n<h4>Widerrufsbelehrung\/Widerrufsrecht<\/h4>\nSie haben das Recht, binnen 14 Tagen ohne Angabe von Gr\u00fcnden diesen Vertrag zu widerrufen.<br \/>\nDie Widerrufsfrist betr\u00e4gt vierzehn Tage ab dem Tag .an dem Sie oder ein von Ihnen benannter Dritter, der nicht Bef\u00f6rderer ist, die letzte Teilsendung oder das letzte St\u00fcck in Besitz genommen haben bzw. hat.<br \/>\nUm Ihr Widerrufsrecht auszu\u00fcben, m\u00fcssen Sie uns,<br \/>\nWeingut K\u00f6nigshof, Rheinallee 43, 56154 Boppard , Tel: 06742- 80550 , info@weingutkoenigshof.de\u00a0 mittels einer eindeutigen Erkl\u00e4rung (z.B. ein mit der Post versandter Brief oder E-Mail) \u00fcber Ihren Entschluss, diesen Vertrag zu widerrufen, informieren.\n<p>Zur Wahrung der Widerrufsfrist reicht es aus, dass Sie die Mitteilung \u00fcber die Aus\u00fcbung des Widerrufsrechts vor Ablauf der Widerrufsfrist absenden.<\/p>\n<h4>Folgen des Widerrufs<\/h4>\n<p>Wenn Sie den Vertrag widerrufen, haben wir Ihnen alle Zahlungen, die wir von Ihnen erhalten haben, einschlie\u00dflich der Lieferkosten (mit Ausnahme der zus\u00e4tzlichen Kosten, die sich daraus ergeben, dass Sie eine andere Art der Lieferung als die von uns angebotenen g\u00fcnstigste Standardlieferung gew\u00e4hlt haben), unverz\u00fcglich und sp\u00e4testens binnen 14 Tagen ab dem Tag zur\u00fcckzuzahlen, an dem die Mitteilung \u00fcber Ihren Widerruf dieses Vertrages bei uns eingegangen ist. F\u00fcr diese R\u00fcckzahlung verwenden wir dasselbe Zahlungsmittel, dass Sie bei der urspr\u00fcnglichen Transaktion eingesetzt haben, es sei denn, mit Ihnen wurde ausdr\u00fccklich etwas anderes vereinbart; in keinem Fall werden Ihnen wegen der R\u00fcckzahlung Entgelte berechnet.<\/p>\nWir k\u00f6nnen die R\u00fcckzahlung verweigern, bis wir die Waren wieder zur\u00fcckerhalten haben oder bis Sie den Nachweis erbracht haben, dass Sie die Waren zur\u00fcckgesandt haben, je nachdem, welches der fr\u00fchere Zeitpunkt ist.<br \/>\nSie haben die Waren unverz\u00fcglich und in jedem Fall sp\u00e4testens binnen 14 Tagen ab dem Tag, an dem Sie uns \u00fcber den Widerruf des Vertrages unterrichten, an uns zur\u00fcckzusenden oder zu \u00fcbergeben. Die Frist ist gewahrt, wenn Sie die Waren vor Ablauf der Frist von 14 Tagen absenden.<br \/>\nSie m\u00fcssen f\u00fcr einen etwaigen Wertverlust der Waren nur aufkommen, wenn dieser Wertverlust auf einen zur Pr\u00fcfung der Beschaffenheit, Eigenschaften und Funktionsweise der Waren nicht notwendiger Umgang mit diesen zur\u00fcckzuf\u00fchren ist.\n<h4>Jugendschutz<\/h4>\n<p>Gem\u00e4\u00df dem Jugendschutzgesetz geben wir keinen Wein an Jugendliche unter 16 Jahren ab. Branntweine werden nicht an Jugendliche unter 18 Jahren abgegeben. Der K\u00e4ufer best\u00e4tigt mit Abgabe der Bestellung, dass er das erforderliche Lebensalter nach dem Jugendschutzgesetz aufweist.<\/p>\n\n","protected":false},"excerpt":{"rendered":"<p>Allgemeine Gesch\u00e4ftsbedingungen Weingut K\u00f6nigshof Elisabeth Ries Rheinallee 43 56154 Boppard Bestellung Die Bestellung kann m\u00fcndlich, fernm\u00fcndlich, oder schriftlich per Post oder E-Mail erfolgen. Vertragsabschluss Der Kaufvertrag kommt, vorbehaltlich eines Widerrufsrechtes, mit unserer separaten Auftragsbest\u00e4tigung oder Lieferung der Waren zustande. Alle Angebote sind freibleibend. Es gilt ausschlie\u00dflich das Recht der Bundesrepublik Deutschland. Ihre Bestellung ist verbindlich, [&hellip;]<\/p>\n","protected":false},"author":4,"featured_media":0,"parent":230,"menu_order":2,"comment_status":"closed","ping_status":"closed","template":"","meta":{"_seopress_robots_primary_cat":"","_seopress_titles_title":"","_seopress_titles_desc":"","_seopress_robots_index":"","site-sidebar-layout":"no-sidebar","site-content-layout":"page-builder","ast-site-content-layout":"default","site-content-style":"default","site-sidebar-style":"default","ast-global-header-display":"","ast-banner-title-visibility":"","ast-main-header-display":"","ast-hfb-above-header-display":"","ast-hfb-below-header-display":"","ast-hfb-mobile-header-display":"","site-post-title":"disabled","ast-breadcrumbs-content":"","ast-featured-img":"disabled","footer-sml-layout":"","ast-disable-related-posts":"","theme-transparent-header-meta":"default","adv-header-id-meta":"","stick-header-meta":"default","header-above-stick-meta":"","header-main-stick-meta":"","header-below-stick-meta":"","astra-migrate-meta-layouts":"default","ast-page-background-enabled":"default","ast-page-background-meta":{"desktop":{"background-color":"","background-image":"","background-repeat":"repeat","background-position":"center center","background-size":"auto","background-attachment":"scroll","background-type":"","background-media":"","overlay-type":"","overlay-color":"","overlay-opacity":"","overlay-gradient":""},"tablet":{"background-color":"","background-image":"","background-repeat":"repeat","background-position":"center center","background-size":"auto","background-attachment":"scroll","background-type":"","background-media":"","overlay-type":"","overlay-color":"","overlay-opacity":"","overlay-gradient":""},"mobile":{"background-color":"","background-image":"","background-repeat":"repeat","background-position":"center center","background-size":"auto","background-attachment":"scroll","background-type":"","background-media":"","overlay-type":"","overlay-color":"","overlay-opacity":"","overlay-gradient":""}},"ast-content-background-meta":{"desktop":{"background-color":"var(--ast-global-color-5)","background-image":"","background-repeat":"repeat","background-position":"center center","background-size":"auto","background-attachment":"scroll","background-type":"","background-media":"","overlay-type":"","overlay-color":"","overlay-opacity":"","overlay-gradient":""},"tablet":{"background-color":"var(--ast-global-color-5)","background-image":"","background-repeat":"repeat","background-position":"center center","background-size":"auto","background-attachment":"scroll","background-type":"","background-media":"","overlay-type":"","overlay-color":"","overlay-opacity":"","overlay-gradient":""},"mobile":{"background-color":"var(--ast-global-color-5)","background-image":"","background-repeat":"repeat","background-position":"center center","background-size":"auto","background-attachment":"scroll","background-type":"","background-media":"","overlay-type":"","overlay-color":"","overlay-opacity":"","overlay-gradient":""}},"footnotes":""},"class_list":["post-311","page","type-page","status-publish","hentry"],"_links":{"self":[{"href":"https:\/\/baudobriga.de\/en\/wp-json\/wp\/v2\/pages\/311","targetHints":{"allow":["GET"]}}],"collection":[{"href":"https:\/\/baudobriga.de\/en\/wp-json\/wp\/v2\/pages"}],"about":[{"href":"https:\/\/baudobriga.de\/en\/wp-json\/wp\/v2\/types\/page"}],"author":[{"embeddable":true,"href":"https:\/\/baudobriga.de\/en\/wp-json\/wp\/v2\/users\/4"}],"replies":[{"embeddable":true,"href":"https:\/\/baudobriga.de\/en\/wp-json\/wp\/v2\/comments?post=311"}],"version-history":[{"count":5,"href":"https:\/\/baudobriga.de\/en\/wp-json\/wp\/v2\/pages\/311\/revisions"}],"predecessor-version":[{"id":4183,"href":"https:\/\/baudobriga.de\/en\/wp-json\/wp\/v2\/pages\/311\/revisions\/4183"}],"up":[{"embeddable":true,"href":"https:\/\/baudobriga.de\/en\/wp-json\/wp\/v2\/pages\/230"}],"wp:attachment":[{"href":"https:\/\/baudobriga.de\/en\/wp-json\/wp\/v2\/media?parent=311"}],"curies":[{"name":"wp","href":"https:\/\/api.w.org\/{rel}","templated":true}]}}