{"id":286,"date":"2019-01-09T11:59:33","date_gmt":"2019-01-09T10:59:33","guid":{"rendered":"https:\/\/baudobriga.internet-einfach-machen.de\/weingut-koenigshof\/weine\/preisliste\/"},"modified":"2026-02-14T13:28:15","modified_gmt":"2026-02-14T12:28:15","slug":"preisliste","status":"publish","type":"page","link":"https:\/\/baudobriga.de\/en\/weingut-koenigshof\/weine\/preisliste\/","title":{"rendered":"Preisliste"},"content":{"rendered":"\n\n\t<h1>\n\t\t\t\tWeinliste\n\t\t\t<\/h1>\n\t<p>Unsere aktuelle Weinliste ist im stetigen Wandel. Um Ihnen einen guten \u00dcberblick zu verschaffen, finden Sie im folgenden unsere Weinliste kompakt als PDF. Haben Sie Interesse, Fragen oder m\u00f6chten bestellen, dann merken Sie sich lediglich die Listennummer des Weins und geben diese im Bestellformular oder bei Ihrer Nachfrage an. Wir freuen uns auf Ihre Fragen und Anregungen.<\/p>\n<h6>\n\t\t\tDownloads\t<\/h6>\n\t\t\t<a href=\"https:\/\/baudobriga.de\/wp-content\/uploads\/2025\/08\/08-25-weinliste.pdf\" title=\"Weinliste\" target=\"_blank\" rel=\"noopener\"  role=\"button\" aria-label=\"Weinliste\">\n\t\t\t\t\t\t\t\t\t\t\tWeinliste\n\t\t<\/a>\n\t<p>Die Rarit\u00e4tenweinliste enth\u00e4lt verborgene Sch\u00e4tze unseres Gew\u00f6lbe-Weinkellers, sowie Br\u00e4nde und Lik\u00f6re.<\/p>\n\t\t\t<a href=\"https:\/\/baudobriga.de\/wp-content\/uploads\/2025\/08\/2025-jubilaeumsweine.pdf\" title=\"Jubil\u00e4umsweine\" target=\"_blank\" rel=\"noopener\"  role=\"button\" aria-label=\"Jubil\u00e4umsweine\">\n\t\t\t\t\t\t\t\t\t\t\tJubil\u00e4umsweine\n\t\t<\/a>\n<figure itemscope itemtype=\"https:\/\/schema.org\/ImageObject\">\n\t\t\t\t<a href=\"https:\/\/baudobriga.de\/wp-content\/uploads\/2023\/08\/wir-sind-welterbe-plakat.pdf\"  target=\"_blank\" rel=\"noopener\"  itemprop=\"url\">\n\t\t\t\t<img decoding=\"async\" src=\"https:\/\/baudobriga.de\/wp-content\/uploads\/2024\/11\/dsc03117-scaled.jpg\" alt=\"Rheinterrasse\" height=\"2560\" width=\"1829\" title=\"DSC03117\" onerror=\"this.style.display='none'\" loading=\"lazy\" \/>\n\t\t\t\t<\/a>\n\t<\/figure>\n<h6>\n\t\t\tKontakt\t<\/h6>\n\t<h2>Ihr Wein ist nicht auf der Liste?<\/h2>\n<p>Kontaktieren Sie uns\u00a0oder rufen Sie uns an unter\u00a0<strong>+49 (0) 6742 8055-0.<\/strong><\/p>\n\n","protected":false},"excerpt":{"rendered":"<p>Weinliste Unsere aktuelle Weinliste ist im stetigen Wandel. Um Ihnen einen guten \u00dcberblick zu verschaffen, finden Sie im folgenden unsere Weinliste kompakt als PDF. Haben Sie Interesse, Fragen oder m\u00f6chten bestellen, dann merken Sie sich lediglich die Listennummer des Weins und geben diese im Bestellformular oder bei Ihrer Nachfrage an. Wir freuen uns auf Ihre [&hellip;]<\/p>\n","protected":false},"author":4,"featured_media":0,"parent":232,"menu_order":0,"comment_status":"closed","ping_status":"closed","template":"","meta":{"_seopress_robots_primary_cat":"","_seopress_titles_title":"%%post_title%% %%sep%% Weingut K\u00f6nigshof Boppard","_seopress_titles_desc":"","_seopress_robots_index":"","site-sidebar-layout":"no-sidebar","site-content-layout":"page-builder","ast-site-content-layout":"full-width-container","site-content-style":"unboxed","site-sidebar-style":"unboxed","ast-global-header-display":"","ast-banner-title-visibility":"","ast-main-header-display":"","ast-hfb-above-header-display":"","ast-hfb-below-header-display":"","ast-hfb-mobile-header-display":"","site-post-title":"disabled","ast-breadcrumbs-content":"","ast-featured-img":"disabled","footer-sml-layout":"","ast-disable-related-posts":"","theme-transparent-header-meta":"default","adv-header-id-meta":"","stick-header-meta":"default","header-above-stick-meta":"","header-main-stick-meta":"","header-below-stick-meta":"","astra-migrate-meta-layouts":"set","ast-page-background-enabled":"default","ast-page-background-meta":{"desktop":{"background-color":"","background-image":"","background-repeat":"repeat","background-position":"center center","background-size":"auto","background-attachment":"scroll","background-type":"","background-media":"","overlay-type":"","overlay-color":"","overlay-opacity":"","overlay-gradient":""},"tablet":{"background-color":"","background-image":"","background-repeat":"repeat","background-position":"center center","background-size":"auto","background-attachment":"scroll","background-type":"","background-media":"","overlay-type":"","overlay-color":"","overlay-opacity":"","overlay-gradient":""},"mobile":{"background-color":"","background-image":"","background-repeat":"repeat","background-position":"center center","background-size":"auto","background-attachment":"scroll","background-type":"","background-media":"","overlay-type":"","overlay-color":"","overlay-opacity":"","overlay-gradient":""}},"ast-content-background-meta":{"desktop":{"background-color":"var(--ast-global-color-5)","background-image":"","background-repeat":"repeat","background-position":"center center","background-size":"auto","background-attachment":"scroll","background-type":"","background-media":"","overlay-type":"","overlay-color":"","overlay-opacity":"","overlay-gradient":""},"tablet":{"background-color":"var(--ast-global-color-5)","background-image":"","background-repeat":"repeat","background-position":"center center","background-size":"auto","background-attachment":"scroll","background-type":"","background-media":"","overlay-type":"","overlay-color":"","overlay-opacity":"","overlay-gradient":""},"mobile":{"background-color":"var(--ast-global-color-5)","background-image":"","background-repeat":"repeat","background-position":"center center","background-size":"auto","background-attachment":"scroll","background-type":"","background-media":"","overlay-type":"","overlay-color":"","overlay-opacity":"","overlay-gradient":""}},"footnotes":""},"class_list":["post-286","page","type-page","status-publish","hentry"],"_links":{"self":[{"href":"https:\/\/baudobriga.de\/en\/wp-json\/wp\/v2\/pages\/286","targetHints":{"allow":["GET"]}}],"collection":[{"href":"https:\/\/baudobriga.de\/en\/wp-json\/wp\/v2\/pages"}],"about":[{"href":"https:\/\/baudobriga.de\/en\/wp-json\/wp\/v2\/types\/page"}],"author":[{"embeddable":true,"href":"https:\/\/baudobriga.de\/en\/wp-json\/wp\/v2\/users\/4"}],"replies":[{"embeddable":true,"href":"https:\/\/baudobriga.de\/en\/wp-json\/wp\/v2\/comments?post=286"}],"version-history":[{"count":7,"href":"https:\/\/baudobriga.de\/en\/wp-json\/wp\/v2\/pages\/286\/revisions"}],"predecessor-version":[{"id":4920,"href":"https:\/\/baudobriga.de\/en\/wp-json\/wp\/v2\/pages\/286\/revisions\/4920"}],"up":[{"embeddable":true,"href":"https:\/\/baudobriga.de\/en\/wp-json\/wp\/v2\/pages\/232"}],"wp:attachment":[{"href":"https:\/\/baudobriga.de\/en\/wp-json\/wp\/v2\/media?parent=286"}],"curies":[{"name":"wp","href":"https:\/\/api.w.org\/{rel}","templated":true}]}}