{"id":284,"date":"2019-01-09T11:59:33","date_gmt":"2019-01-09T10:59:33","guid":{"rendered":"https:\/\/baudobriga.internet-einfach-machen.de\/weingut-koenigshof\/weine\/empfehlungen\/"},"modified":"2025-08-29T13:46:59","modified_gmt":"2025-08-29T11:46:59","slug":"empfehlungen","status":"publish","type":"page","link":"https:\/\/baudobriga.de\/en\/weingut-koenigshof\/weine\/empfehlungen\/","title":{"rendered":"Empfehlungen"},"content":{"rendered":"\n\n\t<h1>\n\t\t\t\tZimmeranfrage\n\t\t\t<\/h1>\n\t\t\t\t<img decoding=\"async\" src=\"https:\/\/baudobriga.de\/wp-content\/uploads\/2024\/12\/untitled-project-5.jpg\" alt=\"Untitled Project\" title=\"Untitled Project\" itemprop=\"image\"  \/>\n\t&#8220;Der Riesling ist die K\u00f6nigin der Rebsorten&#8221;, so hei\u00dft es. Wir bauen den Riesling vorwiegend an und sind froh f\u00fcr die fruchtig-filigranen, mitunter auch stahligen Weine mit einem unglaublichen Reifepotenzial.<br \/>\n&#8220;Dem Wein Zeit g\u00f6nnen&#8221;, unser Leitfaden f\u00fcr ein kontrolliertes Nichtstun.\n<p>Aber eine K\u00f6nigin existiert durch Ihre Untertanen: Riesling trifft Burgunder. F\u00fcr die Liebhaber s\u00e4urearmer Weine ist unser Wei\u00dfer Burgunder ein Genuss. Wir f\u00fchren diesen trocken, feinherb sowie lieblich ausgebaut.<\/p>\n<p>Sie suchen fruchtig, leichte Sommerweine? Warum probieren Sie nicht unsere Sommerweine der Rebsorte Scheurebe; anregend dann, wenn es auch mal hei\u00df hergeht&#8230;<\/p>\n<h6>Gerne versenden wir die Weine auch zu Ihnen <a href=\"https:\/\/baudobriga.de\/weingut-koenigshof\/probe-verkauf\/bestellung\/\">nachhause<\/a>.<\/h6>\n<p>Ihre Winzer Elisabeth &amp; Reinhard<\/p>\n\t<h3>\n\t\t\t\tWOW &#8211; Wir sind Welterbe!                                                          \n\t\t\t<\/h3>\n\t<p>Unser Riesling trocken ist Welterbewein 2023! Der ZV Welterbe Oberes Mittelrheintal hat auch in diesem Jahr einen Wein gek\u00fcrt, der unsere Region repr\u00e4sentieren darf. In einer Blindverkostung hat eine Fachjury an der Hochschule Geisenheim unter 50 eingesendeten Weinen unseren ausgew\u00e4hlt!<\/p>\n<p>&#8220;Im Glas leuchtet der Wein strohgelb. Im Geruch nimmt man klare Noten von Zitrone und reifen gelben Fr\u00fcchten wahr. Im Geschmack pr\u00e4sentiert der Wein wieder viel Frucht, eine erstaunliche Reife und Noten von Karamell und Honig. Die Riesling-typische S\u00e4ure h\u00e4lt den Wein dabei lebendig und frisch. \u201eDieser Wein wird den Menschen sehr gut schmecken&#8221;, ist sich Prof. Jung sicher.&#8221; hei\u00dft es in der Pressemitteilung.<\/p>\n<p>Als w\u00e4re dies nicht Ehre genug, kommt noch hinzu, dass ein Etikett des K\u00fcnstlers Aloys Rump die Flasche ziert.<\/p>\n<p><strong>Leider bereits ausverkauft. Probieren Sie stattdessen die lieblichere Schwester des Welterbeweins: den 2023 Felsenspiel <em>Charta<\/em>Riesling feinherb.<\/strong><\/p>\n<p><a href=\"https:\/\/baudobriga.de\/wp-content\/uploads\/2023\/05\/zv-pressemitteilung.pdf\" target=\"_blank\" rel=\"noopener\">ZV Pressemitteilung<\/a><\/p>\n\t\t\t\t<a href=\"https:\/\/baudobriga.de\/wp-content\/uploads\/2023\/08\/isa-steinhaeuser-baudobriga-welterbe.jpg\"  target=\"_self\" itemprop=\"url\">\n\t\t\t\t<img decoding=\"async\" src=\"https:\/\/baudobriga.de\/wp-content\/uploads\/2023\/08\/isa-steinhaeuser-baudobriga-welterbe-1024x591.jpg\" alt=\"Welterbe-Wein von Weingut K\u00f6nigshof\" itemprop=\"image\" height=\"591\" width=\"1024\" title=\"\u00a9Isa_Steinha\u0308user-baudobriga-welterbe\" onerror=\"this.style.display='none'\" loading=\"lazy\" \/>\n\t\t\t\t<\/a>\n\t\tFoto \u00a9Isa_Steinha\u0308user\n\t\t\t<a href=\"https:\/\/baudobriga.de\/weingut-koenigshof\/weine\/preisliste\/\" title=\"Hier klicken\" target=\"_self\"   role=\"button\" aria-label=\"Weinliste &amp; Bestellung\">\n\t\t\t\t\t\t\t\t\t\t\tWeinliste &amp; Bestellung\n\t\t<\/a>\n\n","protected":false},"excerpt":{"rendered":"<p>Zimmeranfrage &#8220;Der Riesling ist die K\u00f6nigin der Rebsorten&#8221;, so hei\u00dft es. Wir bauen den Riesling vorwiegend an und sind froh f\u00fcr die fruchtig-filigranen, mitunter auch stahligen Weine mit einem unglaublichen Reifepotenzial. &#8220;Dem Wein Zeit g\u00f6nnen&#8221;, unser Leitfaden f\u00fcr ein kontrolliertes Nichtstun. Aber eine K\u00f6nigin existiert durch Ihre Untertanen: Riesling trifft Burgunder. F\u00fcr die Liebhaber s\u00e4urearmer [&hellip;]<\/p>\n","protected":false},"author":4,"featured_media":0,"parent":232,"menu_order":2,"comment_status":"closed","ping_status":"closed","template":"","meta":{"_seopress_robots_primary_cat":"","_seopress_titles_title":"","_seopress_titles_desc":"","_seopress_robots_index":"","site-sidebar-layout":"no-sidebar","site-content-layout":"page-builder","ast-site-content-layout":"full-width-container","site-content-style":"unboxed","site-sidebar-style":"unboxed","ast-global-header-display":"","ast-banner-title-visibility":"","ast-main-header-display":"","ast-hfb-above-header-display":"","ast-hfb-below-header-display":"","ast-hfb-mobile-header-display":"","site-post-title":"disabled","ast-breadcrumbs-content":"","ast-featured-img":"disabled","footer-sml-layout":"","ast-disable-related-posts":"","theme-transparent-header-meta":"default","adv-header-id-meta":"","stick-header-meta":"","header-above-stick-meta":"","header-main-stick-meta":"","header-below-stick-meta":"","astra-migrate-meta-layouts":"set","ast-page-background-enabled":"default","ast-page-background-meta":{"desktop":{"background-color":"","background-image":"","background-repeat":"repeat","background-position":"center center","background-size":"auto","background-attachment":"scroll","background-type":"","background-media":"","overlay-type":"","overlay-color":"","overlay-opacity":"","overlay-gradient":""},"tablet":{"background-color":"","background-image":"","background-repeat":"repeat","background-position":"center center","background-size":"auto","background-attachment":"scroll","background-type":"","background-media":"","overlay-type":"","overlay-color":"","overlay-opacity":"","overlay-gradient":""},"mobile":{"background-color":"","background-image":"","background-repeat":"repeat","background-position":"center center","background-size":"auto","background-attachment":"scroll","background-type":"","background-media":"","overlay-type":"","overlay-color":"","overlay-opacity":"","overlay-gradient":""}},"ast-content-background-meta":{"desktop":{"background-color":"var(--ast-global-color-5)","background-image":"","background-repeat":"repeat","background-position":"center center","background-size":"auto","background-attachment":"scroll","background-type":"","background-media":"","overlay-type":"","overlay-color":"","overlay-opacity":"","overlay-gradient":""},"tablet":{"background-color":"var(--ast-global-color-5)","background-image":"","background-repeat":"repeat","background-position":"center center","background-size":"auto","background-attachment":"scroll","background-type":"","background-media":"","overlay-type":"","overlay-color":"","overlay-opacity":"","overlay-gradient":""},"mobile":{"background-color":"var(--ast-global-color-5)","background-image":"","background-repeat":"repeat","background-position":"center center","background-size":"auto","background-attachment":"scroll","background-type":"","background-media":"","overlay-type":"","overlay-color":"","overlay-opacity":"","overlay-gradient":""}},"footnotes":""},"class_list":["post-284","page","type-page","status-publish","hentry"],"_links":{"self":[{"href":"https:\/\/baudobriga.de\/en\/wp-json\/wp\/v2\/pages\/284","targetHints":{"allow":["GET"]}}],"collection":[{"href":"https:\/\/baudobriga.de\/en\/wp-json\/wp\/v2\/pages"}],"about":[{"href":"https:\/\/baudobriga.de\/en\/wp-json\/wp\/v2\/types\/page"}],"author":[{"embeddable":true,"href":"https:\/\/baudobriga.de\/en\/wp-json\/wp\/v2\/users\/4"}],"replies":[{"embeddable":true,"href":"https:\/\/baudobriga.de\/en\/wp-json\/wp\/v2\/comments?post=284"}],"version-history":[{"count":5,"href":"https:\/\/baudobriga.de\/en\/wp-json\/wp\/v2\/pages\/284\/revisions"}],"predecessor-version":[{"id":4888,"href":"https:\/\/baudobriga.de\/en\/wp-json\/wp\/v2\/pages\/284\/revisions\/4888"}],"up":[{"embeddable":true,"href":"https:\/\/baudobriga.de\/en\/wp-json\/wp\/v2\/pages\/232"}],"wp:attachment":[{"href":"https:\/\/baudobriga.de\/en\/wp-json\/wp\/v2\/media?parent=284"}],"curies":[{"name":"wp","href":"https:\/\/api.w.org\/{rel}","templated":true}]}}