{"id":235,"date":"2019-01-09T10:06:43","date_gmt":"2019-01-09T09:06:43","guid":{"rendered":"https:\/\/baudobriga.internet-einfach-machen.de\/weingut-koenigshof\/unser-name\/"},"modified":"2024-12-06T12:52:07","modified_gmt":"2024-12-06T11:52:07","slug":"unser-name","status":"publish","type":"page","link":"https:\/\/baudobriga.de\/en\/weingut-koenigshof\/unser-name\/","title":{"rendered":"Unser Name"},"content":{"rendered":"\n\n\t<h1>\n\t\t\t\tZimmeranfrage\n\t\t\t<\/h1>\n\t<p><img loading=\"lazy\" decoding=\"async\" src=\"https:\/\/baudobriga.de\/wp-content\/uploads\/2024\/12\/logo_1-650x217.jpg\" alt=\"\" width=\"183\" height=\"61\" \/><\/p>\n<p>Der Name unseres Weingutes entstammt einem geschichtstr\u00e4chtigem Geb\u00e4ude am Eingang von Boppard. Der mittelalterliche &#8220;K\u00f6nigshof&#8221;, im fr\u00fchen 9.Jahrhundert erbaut, war Teil der ersten Siedlung im heutigen Stadtgebiet. Ein kurzer Ausflug in die Geschichte verdeutlicht die Bedeutsamkeit dieses mittelalterlichen Geb\u00e4udes in der Bopparder Stadthistorie.<\/p>\n<p><a href=\"https:\/\/baudobriga.de\/wp-content\/uploads\/2024\/12\/haus_neu.jpg\"><img loading=\"lazy\" decoding=\"async\" src=\"https:\/\/baudobriga.de\/wp-content\/uploads\/2024\/12\/haus_neu-297x350.jpg\" alt=\"\" width=\"184\" height=\"217\" \/><\/a><\/p>\n<p>Durch zahlreiche Urkunden, unter anderem von Ludwig des Frommen im Jahre 814 ist belegt, dass der K\u00f6nigshof immer wieder Teil hochdotierter Schenkungen war. So ist belegt, dass unter anderem die Benediktinerabtei Stablo-Malmedy und 1042 das Bistum Bamberg im Besitz des K\u00f6nigshofes waren. Er diente auch als Teil des Heiratsgutes f\u00fcr die Ehegattin Kaiser Heinrich II. Bis zur Verpf\u00e4ndung des K\u00f6nigshofes an Kurtrier im 14. Jahrhundert weilten und siegelten zahlreiche deutsche Kaiser und K\u00f6nige im K\u00f6nigshof. Auf ihren Regierungsreisen durch das Reich machten sie auch Halt in Boppard und residierten im K\u00f6nigshof, trafen dort politisch relevante Entscheidungen und wichtige Verhandlungspartner.<\/p>\n<p>Auf den Grundmauern dieses mittelalterlichen K\u00f6nigshofes entstand 1892 das heutige Anwesen &#8220;K\u00f6nigshof&#8221;, welches als Logo und Namensgeber unseres Weingutes fungiert. In diesem Geb\u00e4ude befinden sich unter anderem unsere alten Gew\u00f6lbekeller zur Lagerung unserer Flaschenweine.<\/p>\n<p>Der Ausbau und die Vermarktung der Weine erfolgt im ebenfalls familieneigenen Baudobriga Rheinhotel in der Rheinallee 43 in Boppard. Dort k\u00f6nnen Sie unsere Weine probieren und erwerben.<\/p>\n\n","protected":false},"excerpt":{"rendered":"<p>Zimmeranfrage Der Name unseres Weingutes entstammt einem geschichtstr\u00e4chtigem Geb\u00e4ude am Eingang von Boppard. Der mittelalterliche &#8220;K\u00f6nigshof&#8221;, im fr\u00fchen 9.Jahrhundert erbaut, war Teil der ersten Siedlung im heutigen Stadtgebiet. Ein kurzer Ausflug in die Geschichte verdeutlicht die Bedeutsamkeit dieses mittelalterlichen Geb\u00e4udes in der Bopparder Stadthistorie. Durch zahlreiche Urkunden, unter anderem von Ludwig des Frommen im Jahre [&hellip;]<\/p>\n","protected":false},"author":4,"featured_media":0,"parent":201,"menu_order":9,"comment_status":"closed","ping_status":"closed","template":"","meta":{"_seopress_robots_primary_cat":"","_seopress_titles_title":"","_seopress_titles_desc":"","_seopress_robots_index":"","site-sidebar-layout":"no-sidebar","site-content-layout":"page-builder","ast-site-content-layout":"full-width-container","site-content-style":"unboxed","site-sidebar-style":"unboxed","ast-global-header-display":"","ast-banner-title-visibility":"","ast-main-header-display":"","ast-hfb-above-header-display":"","ast-hfb-below-header-display":"","ast-hfb-mobile-header-display":"","site-post-title":"disabled","ast-breadcrumbs-content":"","ast-featured-img":"disabled","footer-sml-layout":"","ast-disable-related-posts":"","theme-transparent-header-meta":"default","adv-header-id-meta":"","stick-header-meta":"","header-above-stick-meta":"","header-main-stick-meta":"","header-below-stick-meta":"","astra-migrate-meta-layouts":"set","ast-page-background-enabled":"default","ast-page-background-meta":{"desktop":{"background-color":"","background-image":"","background-repeat":"repeat","background-position":"center center","background-size":"auto","background-attachment":"scroll","background-type":"","background-media":"","overlay-type":"","overlay-color":"","overlay-opacity":"","overlay-gradient":""},"tablet":{"background-color":"","background-image":"","background-repeat":"repeat","background-position":"center center","background-size":"auto","background-attachment":"scroll","background-type":"","background-media":"","overlay-type":"","overlay-color":"","overlay-opacity":"","overlay-gradient":""},"mobile":{"background-color":"","background-image":"","background-repeat":"repeat","background-position":"center center","background-size":"auto","background-attachment":"scroll","background-type":"","background-media":"","overlay-type":"","overlay-color":"","overlay-opacity":"","overlay-gradient":""}},"ast-content-background-meta":{"desktop":{"background-color":"var(--ast-global-color-5)","background-image":"","background-repeat":"repeat","background-position":"center center","background-size":"auto","background-attachment":"scroll","background-type":"","background-media":"","overlay-type":"","overlay-color":"","overlay-opacity":"","overlay-gradient":""},"tablet":{"background-color":"var(--ast-global-color-5)","background-image":"","background-repeat":"repeat","background-position":"center center","background-size":"auto","background-attachment":"scroll","background-type":"","background-media":"","overlay-type":"","overlay-color":"","overlay-opacity":"","overlay-gradient":""},"mobile":{"background-color":"var(--ast-global-color-5)","background-image":"","background-repeat":"repeat","background-position":"center center","background-size":"auto","background-attachment":"scroll","background-type":"","background-media":"","overlay-type":"","overlay-color":"","overlay-opacity":"","overlay-gradient":""}},"footnotes":""},"class_list":["post-235","page","type-page","status-publish","hentry"],"_links":{"self":[{"href":"https:\/\/baudobriga.de\/en\/wp-json\/wp\/v2\/pages\/235","targetHints":{"allow":["GET"]}}],"collection":[{"href":"https:\/\/baudobriga.de\/en\/wp-json\/wp\/v2\/pages"}],"about":[{"href":"https:\/\/baudobriga.de\/en\/wp-json\/wp\/v2\/types\/page"}],"author":[{"embeddable":true,"href":"https:\/\/baudobriga.de\/en\/wp-json\/wp\/v2\/users\/4"}],"replies":[{"embeddable":true,"href":"https:\/\/baudobriga.de\/en\/wp-json\/wp\/v2\/comments?post=235"}],"version-history":[{"count":5,"href":"https:\/\/baudobriga.de\/en\/wp-json\/wp\/v2\/pages\/235\/revisions"}],"predecessor-version":[{"id":4507,"href":"https:\/\/baudobriga.de\/en\/wp-json\/wp\/v2\/pages\/235\/revisions\/4507"}],"up":[{"embeddable":true,"href":"https:\/\/baudobriga.de\/en\/wp-json\/wp\/v2\/pages\/201"}],"wp:attachment":[{"href":"https:\/\/baudobriga.de\/en\/wp-json\/wp\/v2\/media?parent=235"}],"curies":[{"name":"wp","href":"https:\/\/api.w.org\/{rel}","templated":true}]}}