{"id":233,"date":"2019-01-09T10:06:43","date_gmt":"2019-01-09T09:06:43","guid":{"rendered":"https:\/\/baudobriga.internet-einfach-machen.de\/weingut-koenigshof\/die-winzer\/"},"modified":"2026-02-14T13:25:09","modified_gmt":"2026-02-14T12:25:09","slug":"die-winzer","status":"publish","type":"page","link":"https:\/\/baudobriga.de\/en\/weingut-koenigshof\/die-winzer\/","title":{"rendered":"Die Winzer"},"content":{"rendered":"\n\n\t<h1>\n\t\t\t\tZimmeranfrage\n\t\t\t<\/h1>\n\t<p>Unsere Familie bewirtschaftet in der nunmehr f\u00fcnften Generation Weinberge in den steilen Lagen des Rheintals. Durch die einzigartige Lage des &#8220;Bopparder Hamm&#8221; in der gr\u00f6\u00dften Rheinschleife \u00f6ffnen sich die Weinberge gleich einem Amphitheater gegen S\u00fcden; der Rhein dient als Puffer f\u00fcr K\u00e4lte und W\u00e4rme. Die Spiegelwirkung der Rheinwasseroberfl\u00e4che bewirkt zudem ein f\u00fcr den Weinbau so g\u00fcnstiges Kleinklima.<\/p>\n<p>Daher sind wir in der Lage, den sp\u00e4t reifenden Riesling mit gro\u00dfem Erfolg anzubauen. Daneben geh\u00f6ren der Blaue Sp\u00e4tburgunder und die fruchtige Scheurebe fest zum Angebot. F\u00fcr die Liebhaber s\u00e4urearmer Weine ist unser Wei\u00dfer Burgunder sehr zu empfehlen. Bedingt durch die leichten, sich schnell erw\u00e4rmenden Schieferb\u00f6den pr\u00e4sentieren sich die Weine ausgereift und mit einem feinfruchtigen Bukett, gepr\u00e4gt durch einen hohen Anteil an Schiefermineralien und Fruchtaromen.<\/p>\n<p>Wir sind stolz darauf, Weinberge in diesen steilen Lagen zu bewirtschaften und freuen uns mit jedem Jahrgang auf leckere Weine.<\/p>\n\t\t\t\t<img decoding=\"async\" src=\"https:\/\/baudobriga.de\/wp-content\/uploads\/2019\/01\/die-winzerfamilie-koenigshof.jpg\" alt=\"Die Winzer des Weingut K\u00f6nigshof in Boppard\" title=\"die-winzerfamilie-koenigshof\" itemprop=\"image\"  \/>\n\tDas Ehepaar Elisabeth Ries &amp; Reinhard Gr\u00e4f bewirtschaftet den K\u00f6nigshof.<br \/>\n<strong>&#8220;Dem Wein Zeit g\u00f6nnen&#8221;<\/strong> in diesem Sinne arbeiten beide Hand in Hand, unterst\u00fctzt durch die T\u00f6chter Anna (schade, nicht auf dem Bild), Lea und Ada.\n<h6>\n\t\t\tKontakt\t<\/h6>\n\n","protected":false},"excerpt":{"rendered":"<p>Zimmeranfrage Unsere Familie bewirtschaftet in der nunmehr f\u00fcnften Generation Weinberge in den steilen Lagen des Rheintals. Durch die einzigartige Lage des &#8220;Bopparder Hamm&#8221; in der gr\u00f6\u00dften Rheinschleife \u00f6ffnen sich die Weinberge gleich einem Amphitheater gegen S\u00fcden; der Rhein dient als Puffer f\u00fcr K\u00e4lte und W\u00e4rme. Die Spiegelwirkung der Rheinwasseroberfl\u00e4che bewirkt zudem ein f\u00fcr den Weinbau [&hellip;]<\/p>\n","protected":false},"author":4,"featured_media":0,"parent":201,"menu_order":7,"comment_status":"closed","ping_status":"closed","template":"","meta":{"_seopress_robots_primary_cat":"","_seopress_titles_title":"","_seopress_titles_desc":"","_seopress_robots_index":"","site-sidebar-layout":"no-sidebar","site-content-layout":"page-builder","ast-site-content-layout":"full-width-container","site-content-style":"unboxed","site-sidebar-style":"unboxed","ast-global-header-display":"","ast-banner-title-visibility":"","ast-main-header-display":"","ast-hfb-above-header-display":"","ast-hfb-below-header-display":"","ast-hfb-mobile-header-display":"","site-post-title":"disabled","ast-breadcrumbs-content":"","ast-featured-img":"disabled","footer-sml-layout":"","ast-disable-related-posts":"","theme-transparent-header-meta":"default","adv-header-id-meta":"","stick-header-meta":"","header-above-stick-meta":"","header-main-stick-meta":"","header-below-stick-meta":"","astra-migrate-meta-layouts":"set","ast-page-background-enabled":"default","ast-page-background-meta":{"desktop":{"background-color":"","background-image":"","background-repeat":"repeat","background-position":"center center","background-size":"auto","background-attachment":"scroll","background-type":"","background-media":"","overlay-type":"","overlay-color":"","overlay-opacity":"","overlay-gradient":""},"tablet":{"background-color":"","background-image":"","background-repeat":"repeat","background-position":"center center","background-size":"auto","background-attachment":"scroll","background-type":"","background-media":"","overlay-type":"","overlay-color":"","overlay-opacity":"","overlay-gradient":""},"mobile":{"background-color":"","background-image":"","background-repeat":"repeat","background-position":"center center","background-size":"auto","background-attachment":"scroll","background-type":"","background-media":"","overlay-type":"","overlay-color":"","overlay-opacity":"","overlay-gradient":""}},"ast-content-background-meta":{"desktop":{"background-color":"var(--ast-global-color-5)","background-image":"","background-repeat":"repeat","background-position":"center center","background-size":"auto","background-attachment":"scroll","background-type":"","background-media":"","overlay-type":"","overlay-color":"","overlay-opacity":"","overlay-gradient":""},"tablet":{"background-color":"var(--ast-global-color-5)","background-image":"","background-repeat":"repeat","background-position":"center center","background-size":"auto","background-attachment":"scroll","background-type":"","background-media":"","overlay-type":"","overlay-color":"","overlay-opacity":"","overlay-gradient":""},"mobile":{"background-color":"var(--ast-global-color-5)","background-image":"","background-repeat":"repeat","background-position":"center center","background-size":"auto","background-attachment":"scroll","background-type":"","background-media":"","overlay-type":"","overlay-color":"","overlay-opacity":"","overlay-gradient":""}},"footnotes":""},"class_list":["post-233","page","type-page","status-publish","hentry"],"_links":{"self":[{"href":"https:\/\/baudobriga.de\/en\/wp-json\/wp\/v2\/pages\/233","targetHints":{"allow":["GET"]}}],"collection":[{"href":"https:\/\/baudobriga.de\/en\/wp-json\/wp\/v2\/pages"}],"about":[{"href":"https:\/\/baudobriga.de\/en\/wp-json\/wp\/v2\/types\/page"}],"author":[{"embeddable":true,"href":"https:\/\/baudobriga.de\/en\/wp-json\/wp\/v2\/users\/4"}],"replies":[{"embeddable":true,"href":"https:\/\/baudobriga.de\/en\/wp-json\/wp\/v2\/comments?post=233"}],"version-history":[{"count":6,"href":"https:\/\/baudobriga.de\/en\/wp-json\/wp\/v2\/pages\/233\/revisions"}],"predecessor-version":[{"id":4915,"href":"https:\/\/baudobriga.de\/en\/wp-json\/wp\/v2\/pages\/233\/revisions\/4915"}],"up":[{"embeddable":true,"href":"https:\/\/baudobriga.de\/en\/wp-json\/wp\/v2\/pages\/201"}],"wp:attachment":[{"href":"https:\/\/baudobriga.de\/en\/wp-json\/wp\/v2\/media?parent=233"}],"curies":[{"name":"wp","href":"https:\/\/api.w.org\/{rel}","templated":true}]}}