{"id":231,"date":"2019-01-09T10:06:43","date_gmt":"2019-01-09T09:06:43","guid":{"rendered":"https:\/\/baudobriga.internet-einfach-machen.de\/weingut-koenigshof\/kontakt\/"},"modified":"2026-02-14T13:25:32","modified_gmt":"2026-02-14T12:25:32","slug":"kontakt","status":"publish","type":"page","link":"https:\/\/baudobriga.de\/en\/weingut-koenigshof\/kontakt\/","title":{"rendered":"Kontakt"},"content":{"rendered":"\n\n\t<h1>\n\t\t\t\tZimmeranfrage\n\t\t\t<\/h1>\n\t\t\t\t<form data-form_id=\"4\" id=\"fluentform_4\" data-form_instance=\"ff_form_instance_4_1\" method=\"POST\"><fieldset>\n                    <legend>Weingut Bestellung<\/legend>        \n                <label for=\"ff_4_item_sf\" aria-label=\"Newsletter\">\n                    Newsletter                <\/label>\n                <input type=\"text\"\n                       name=\"item_4__fluent_sf\"\n                       id=\"ff_4_item_sf\"\n                \/>\n                <input type=\"hidden\" id=\"__fluent_protection_token_4\" name=\"__fluent_protection_token_4\"\/>\n        <input type='hidden' name='__fluent_form_embded_post_id' value='231' \/><input type=\"hidden\" id=\"_fluentform_4_fluentformnonce\" name=\"_fluentform_4_fluentformnonce\" value=\"0969a358b3\" \/><input type=\"hidden\" name=\"_wp_http_referer\" value=\"\/?page_id=231&#038;fl_builder\" \/><label for='ff_4_name_2_vorname_2_3_' id='label_ff_4_name_2_vorname_2_3_'>Vorname<\/label><input type=\"text\" name=\"name_2[vorname_2_3]\" id=\"ff_4_name_2_vorname_2_3_\" placeholder=\"Vorname\" aria-invalid=\"false\" aria-required=false\/><label for='ff_4_name_2_nachname_2_6_' id='label_ff_4_name_2_nachname_2_6_'>Nachname<\/label><input type=\"text\" name=\"name_2[nachname_2_6]\" id=\"ff_4_name_2_nachname_2_6_\" placeholder=\"Nachname\" aria-invalid=\"false\" aria-required=false\/><label aria-label=\"Anschrift\">Anschrift<\/label><label for='ff_4_anschrift_1_anschrift_1_1_' id='label_ff_4_anschrift_1_anschrift_1_1_' aria-label=\"Anschrift\">Anschrift<\/label><input type=\"text\" name=\"anschrift_1[anschrift_1_1]\" id=\"ff_4_anschrift_1_anschrift_1_1_\" placeholder=\"Adresszeile 1\" data-key_name=\"anschrift_1_1\"  aria-invalid=\"false\" aria-required=false\/><label for='ff_4_anschrift_1_ort_1_3_' id='label_ff_4_anschrift_1_ort_1_3_' aria-label=\"Ort\">Ort<\/label><input type=\"text\" name=\"anschrift_1[ort_1_3]\" id=\"ff_4_anschrift_1_ort_1_3_\" placeholder=\"Stadt\" data-key_name=\"ort_1_3\"  aria-invalid=\"false\" aria-required=false\/><label for='ff_4_anschrift_1_plz_1_5_' id='label_ff_4_anschrift_1_plz_1_5_' aria-label=\"PLZ\">PLZ<\/label><input type=\"text\" name=\"anschrift_1[plz_1_5]\" id=\"ff_4_anschrift_1_plz_1_5_\" placeholder=\"Postleitzahl\" data-key_name=\"plz_1_5\"  aria-invalid=\"false\" aria-required=false\/><label for='ff_4_anschrift_1_land_1_6_' id='label_ff_4_anschrift_1_land_1_6_' aria-label=\"Land\">Land<\/label><select name=\"anschrift_1[land_1_6]\" id=\"ff_4_anschrift_1_land_1_6_\" placeholder=\"Land ausw\u00e4hlen\" data-key_name=\"land_1_6\" aria-invalid='false' aria-required=false><option value=''>Land ausw\u00e4hlen<\/option><option value='AF'>Afghanistan<\/option><option value='AL'>Albanien<\/option><option value='DZ'>Algerien<\/option><option value='AS'>Amerikanisch-Samoa<\/option><option value='VI'>Amerikanische Jungferninseln<\/option><option value='AD'>Andorra<\/option><option value='AO'>Angola<\/option><option value='AI'>Anguilla<\/option><option value='AQ'>Antarktika<\/option><option value='AG'>Antigua und Barbuda<\/option><option value='AR'>Argentinien<\/option><option value='AM'>Armenien<\/option><option value='AW'>Aruba<\/option><option value='AZ'>Aserbaidschan<\/option><option value='AU'>Australien<\/option><option value='BS'>Bahamas<\/option><option value='BH'>Bahrain<\/option><option value='BD'>Bangladesch<\/option><option value='BB'>Barbados<\/option><option value='BY'>Belarus<\/option><option value='BE'>Belgien<\/option><option value='BZ'>Belize<\/option><option value='BJ'>Benin<\/option><option value='BM'>Bermuda<\/option><option value='BT'>Bhutan<\/option><option value='BO'>Bolivien<\/option><option value='BQ'>Bonaire, Sint Eustatius und Saba<\/option><option value='BA'>Bosnien und Herzegowina<\/option><option value='BW'>Botswana<\/option><option value='BV'>Bouvetinsel<\/option><option value='BR'>Brasilien<\/option><option value='VG'>Britische Jungferninseln<\/option><option value='IO'>Britisches Territorium im Indischen Ozean<\/option><option value='BN'>Brunei<\/option><option value='BG'>Bulgarien<\/option><option value='BF'>Burkina Faso<\/option><option value='BI'>Burundi<\/option><option value='CV'>Cabo Verde<\/option><option value='CL'>Chile<\/option><option value='CN'>China<\/option><option value='CK'>Cookinseln<\/option><option value='CR'>Costa Rica<\/option><option value='CW'>Cura\u00e7ao<\/option><option value='CD'>Democratic Republic of the Congo (Kinshasa)<\/option><option value='DE'>Deutschland<\/option><option value='DM'>Dominica<\/option><option value='DO'>Dominikanische Republik<\/option><option value='DJ'>Dschibuti<\/option><option value='DK'>D\u00e4nemark<\/option><option value='EC'>Ecuador<\/option><option value='SV'>El Salvador<\/option><option value='CI'>Elfenbeink\u00fcste<\/option><option value='ER'>Eritrea<\/option><option value='EE'>Estland<\/option><option value='SZ'>Eswatini<\/option><option value='FK'>Falklandinseln<\/option><option value='FJ'>Fidschi<\/option><option value='FI'>Finnland<\/option><option value='FR'>Frankreich<\/option><option value='GF'>Franz\u00f6sisch-Guayana<\/option><option value='PF'>Franz\u00f6sisch-Polynesien<\/option><option value='TF'>Franz\u00f6sische S\u00fcd- und Antarktisgebiete<\/option><option value='FO'>F\u00e4r\u00f6er<\/option><option value='GA'>Gabun<\/option><option value='GM'>Gambia<\/option><option value='GE'>Georgien<\/option><option value='GH'>Ghana<\/option><option value='GI'>Gibraltar<\/option><option value='GD'>Grenada<\/option><option value='GR'>Griechenland<\/option><option value='GL'>Gr\u00f6nland<\/option><option value='GP'>Guadeloupe<\/option><option value='GU'>Guam<\/option><option value='GT'>Guatemala<\/option><option value='GG'>Guernsey<\/option><option value='GN'>Guinea<\/option><option value='GW'>Guinea-Bissau<\/option><option value='GY'>Guyana<\/option><option value='HT'>Haiti<\/option><option value='HM'>Heard und McDonaldinseln<\/option><option value='HN'>Honduras<\/option><option value='HK'>Hongkong<\/option><option value='IN'>Indien<\/option><option value='ID'>Indonesien<\/option><option value='IQ'>Irak<\/option><option value='IR'>Iran<\/option><option value='IE'>Irland<\/option><option value='IS'>Island<\/option><option value='IM'>Isle of Man<\/option><option value='IL'>Israel<\/option><option value='IT'>Italien<\/option><option value='JM'>Jamaika<\/option><option value='JP'>Japan<\/option><option value='YE'>Jemen<\/option><option value='JE'>Jersey<\/option><option value='JO'>Jordanien<\/option><option value='KY'>Kaimaninseln<\/option><option value='KH'>Kambodscha<\/option><option value='CM'>Kamerun<\/option><option value='CA'>Kanada<\/option><option value='KZ'>Kasachstan<\/option><option value='QA'>Katar<\/option><option value='KE'>Kenia<\/option><option value='KG'>Kirgisistan<\/option><option value='KI'>Kiribati<\/option><option value='CC'>Kokosinseln (Keelinginseln)<\/option><option value='CO'>Kolumbien<\/option><option value='KM'>Komoren<\/option><option value='XK'>Kosovo<\/option><option value='HR'>Kroatien<\/option><option value='CU'>Kuba<\/option><option value='KW'>Kuwait<\/option><option value='LA'>Laos<\/option><option value='LS'>Lesotho<\/option><option value='LV'>Lettland<\/option><option value='LB'>Libanon<\/option><option value='LR'>Liberia<\/option><option value='LY'>Libyen<\/option><option value='LI'>Liechtenstein<\/option><option value='LT'>Litauen<\/option><option value='LU'>Luxemburg<\/option><option value='MO'>Macao, China<\/option><option value='MG'>Madagaskar<\/option><option value='MW'>Malawi<\/option><option value='MY'>Malaysia<\/option><option value='MV'>Malediven<\/option><option value='ML'>Mali<\/option><option value='MT'>Malta<\/option><option value='MA'>Marokko<\/option><option value='MH'>Marshallinseln<\/option><option value='MQ'>Martinique<\/option><option value='MR'>Mauretanien<\/option><option value='MU'>Mauritius<\/option><option value='YT'>Mayotte<\/option><option value='MX'>Mexiko<\/option><option value='FM'>Mikronesien<\/option><option value='MD'>Moldau<\/option><option value='MC'>Monaco<\/option><option value='MN'>Mongolei<\/option><option value='ME'>Montenegro<\/option><option value='MS'>Montserrat<\/option><option value='MZ'>Mosambik<\/option><option value='MM'>Myanmar<\/option><option value='NA'>Namibia<\/option><option value='NR'>Nauru<\/option><option value='NP'>Nepal<\/option><option value='NC'>Neukaledonien<\/option><option value='NZ'>Neuseeland<\/option><option value='NI'>Nicaragua<\/option><option value='NL'>Niederlande<\/option><option value='NE'>Niger<\/option><option value='NG'>Nigeria<\/option><option value='NU'>Niue<\/option><option value='KP'>Nordkorea<\/option><option value='NF'>Norfolkinsel<\/option><option value='MK'>North Macedonia<\/option><option value='NO'>Norwegen<\/option><option value='MP'>N\u00f6rdliche Marianen<\/option><option value='OM'>Oman<\/option><option value='TL'>Osttimor<\/option><option value='PK'>Pakistan<\/option><option value='PW'>Palau<\/option><option value='PS'>Pal\u00e4stinensische Autonomiegebiete<\/option><option value='PA'>Panama<\/option><option value='PG'>Papua-Neuguinea<\/option><option value='PY'>Paraguay<\/option><option value='PE'>Peru<\/option><option value='PH'>Philippinen<\/option><option value='PN'>Pitcairninseln<\/option><option value='PL'>Polen<\/option><option value='PT'>Portugal<\/option><option value='PR'>Puerto Rico<\/option><option value='CG'>Republic of the Congo (Brazzaville)<\/option><option value='RW'>Ruanda<\/option><option value='RO'>Rum\u00e4nien<\/option><option value='RU'>Russland<\/option><option value='RE'>R\u00e9union<\/option><option value='BL'>Saint Barth\u00e9lemy<\/option><option value='PM'>Saint-Pierre und Miquelon<\/option><option value='SB'>Salomonen<\/option><option value='ZM'>Sambia<\/option><option value='WS'>Samoa<\/option><option value='SM'>San Marino<\/option><option value='ST'>Sao Tome and Principe<\/option><option value='SA'>Saudi-Arabien<\/option><option value='SE'>Schweden<\/option><option value='CH'>Schweiz<\/option><option value='SN'>Senegal<\/option><option value='RS'>Serbien<\/option><option value='SC'>Seychellen<\/option><option value='SL'>Sierra Leone<\/option><option value='ZW'>Simbabwe<\/option><option value='SG'>Singapur<\/option><option value='SK'>Slowakei<\/option><option value='SI'>Slowenien<\/option><option value='SO'>Somalia<\/option><option value='ES'>Spanien<\/option><option value='SJ'>Spitzbergen und Jan Mayen<\/option><option value='LK'>Sri Lanka<\/option><option value='SH'>St. Helena<\/option><option value='KN'>St. Kitts und Nevis<\/option><option value='LC'>St. Lucia<\/option><option value='MF'>St. Martin (Frankreich)<\/option><option value='SX'>St. Martin (Niederlande)<\/option><option value='VC'>St. Vincent und die Grenadinen<\/option><option value='SD'>Sudan<\/option><option value='SR'>Surinam<\/option><option value='SY'>Syrien<\/option><option value='ZA'>S\u00fcdafrika<\/option><option value='GS'>S\u00fcdgeorgien\/Sandwichinseln<\/option><option value='KR'>S\u00fcdkorea<\/option><option value='SS'>S\u00fcdsudan<\/option><option value='TJ'>Tadschikistan<\/option><option value='TW'>Taiwan<\/option><option value='TZ'>Tansania<\/option><option value='TH'>Thailand<\/option><option value='TG'>Togo<\/option><option value='TK'>Tokelau<\/option><option value='TO'>Tonga<\/option><option value='TT'>Trinidad und Tobago<\/option><option value='TD'>Tschad<\/option><option value='CZ'>Tschechien<\/option><option value='TN'>Tunesien<\/option><option value='TM'>Turkmenistan<\/option><option value='TC'>Turks- und Caicosinseln<\/option><option value='TV'>Tuvalu<\/option><option value='TR'>T\u00fcrkiye<\/option><option value='UG'>Uganda<\/option><option value='UA'>Ukraine<\/option><option value='HU'>Ungarn<\/option><option value='UM'>United States (US) Minor Outlying Islands<\/option><option value='UY'>Uruguay<\/option><option value='UZ'>Usbekistan<\/option><option value='VU'>Vanuatu<\/option><option value='VA'>Vatikanstadt<\/option><option value='VE'>Venezuela<\/option><option value='AE'>Vereinigte Arabische Emirate<\/option><option value='US'>Vereinigte Staaten von Amerika (USA)<\/option><option value='GB'>Vereinigtes K\u00f6nigreich<\/option><option value='VN'>Vietnam<\/option><option value='WF'>Wallis und Futuna<\/option><option value='CX'>Weihnachtsinsel<\/option><option value='EH'>Westsahara<\/option><option value='CF'>Zentralafrikanische Republik<\/option><option value='CY'>Zypern<\/option><option value='EG'>\u00c4gypten<\/option><option value='GQ'>\u00c4quatorialguinea<\/option><option value='ET'>\u00c4thiopien<\/option><option value='AX'>\u00c5landinseln<\/option><option value='AT'>\u00d6sterreich<\/option><\/select><label for='ff_4_telefon_3' id='label_ff_4_telefon_3' aria-label=\"Telefon\">Telefon<\/label><input type=\"text\" name=\"telefon_3\" id=\"ff_4_telefon_3\" data-name=\"telefon_3\"  aria-invalid=\"false\" aria-required=true\/><label for='ff_4_e_mail_4' id='label_ff_4_e_mail_4' aria-label=\"E-Mail\">E-Mail<\/label><input type=\"email\" name=\"e_mail_4\" id=\"ff_4_e_mail_4\" data-name=\"e_mail_4\"  aria-invalid=\"false\" aria-required=true\/><label for='ff_4_ihre_weinwuensche_6' id='label_ff_4_ihre_weinwuensche_6' aria-label=\"Ihre Weinw\u00fcnsche\">Ihre Weinw\u00fcnsche<\/label><textarea aria-required=\"true\" aria-labelledby=\"label_ff_4_ihre_weinwuensche_6\" name=\"ihre_weinwuensche_6\" id=\"ff_4_ihre_weinwuensche_6\" rows=\"6\" cols=\"2\" data-name=\"ihre_weinwuensche_6\"><\/textarea><label aria-label='Terms and Conditions: Ich habe die Datenschutzerkl\u00e4rung und Angaben gem\u00e4\u00df der Informationspflicht gem\u00e4\u00df EU-DSGVO zur Kenntnis genommen. Contains 1 link. Use tab navigation to review.' class='ff-el-form-check-label ff_tc_label' for=gdpr-agreement_4efd7c7ea6b841bdcbbcf52bd9d90d4b><input type=\"checkbox\" name=\"gdpr-agreement\" data-name=\"gdpr-agreement\" id=\"gdpr-agreement_4efd7c7ea6b841bdcbbcf52bd9d90d4b\"  value='on' aria-invalid='false' aria-required=true\/> Ich habe die <a href=\"\/datenschutzerklaerung\/\" target=\"_blank\">Datenschutzerkl\u00e4rung<\/a> und Angaben gem\u00e4\u00df der Informationspflicht gem\u00e4\u00df EU-DSGVO zur Kenntnis genommen.<\/label><button type=\"submit\"  aria-label=\"Absenden\">Absenden<\/button><\/fieldset><\/form>            \n<h6>\n\t\t\tKontakt\t<\/h6>\n\n","protected":false},"excerpt":{"rendered":"<p>Zimmeranfrage Weingut Bestellung Newsletter VornameNachnameAnschriftAnschriftOrtPLZLandLand ausw\u00e4hlenAfghanistanAlbanienAlgerienAmerikanisch-SamoaAmerikanische JungferninselnAndorraAngolaAnguillaAntarktikaAntigua und BarbudaArgentinienArmenienArubaAserbaidschanAustralienBahamasBahrainBangladeschBarbadosBelarusBelgienBelizeBeninBermudaBhutanBolivienBonaire, Sint Eustatius und SabaBosnien und HerzegowinaBotswanaBouvetinselBrasilienBritische JungferninselnBritisches Territorium im Indischen OzeanBruneiBulgarienBurkina FasoBurundiCabo VerdeChileChinaCookinselnCosta RicaCura\u00e7aoDemocratic Republic of the Congo (Kinshasa)DeutschlandDominicaDominikanische RepublikDschibutiD\u00e4nemarkEcuadorEl SalvadorElfenbeink\u00fcsteEritreaEstlandEswatiniFalklandinselnFidschiFinnlandFrankreichFranz\u00f6sisch-GuayanaFranz\u00f6sisch-PolynesienFranz\u00f6sische S\u00fcd- und AntarktisgebieteF\u00e4r\u00f6erGabunGambiaGeorgienGhanaGibraltarGrenadaGriechenlandGr\u00f6nlandGuadeloupeGuamGuatemalaGuernseyGuineaGuinea-BissauGuyanaHaitiHeard und McDonaldinselnHondurasHongkongIndienIndonesienIrakIranIrlandIslandIsle of ManIsraelItalienJamaikaJapanJemenJerseyJordanienKaimaninselnKambodschaKamerunKanadaKasachstanKatarKeniaKirgisistanKiribatiKokosinseln (Keelinginseln)KolumbienKomorenKosovoKroatienKubaKuwaitLaosLesothoLettlandLibanonLiberiaLibyenLiechtensteinLitauenLuxemburgMacao, ChinaMadagaskarMalawiMalaysiaMaledivenMaliMaltaMarokkoMarshallinselnMartiniqueMauretanienMauritiusMayotteMexikoMikronesienMoldauMonacoMongoleiMontenegroMontserratMosambikMyanmarNamibiaNauruNepalNeukaledonienNeuseelandNicaraguaNiederlandeNigerNigeriaNiueNordkoreaNorfolkinselNorth MacedoniaNorwegenN\u00f6rdliche MarianenOmanOsttimorPakistanPalauPal\u00e4stinensische AutonomiegebietePanamaPapua-NeuguineaParaguayPeruPhilippinenPitcairninselnPolenPortugalPuerto RicoRepublic of the Congo (Brazzaville)RuandaRum\u00e4nienRusslandR\u00e9unionSaint Barth\u00e9lemySaint-Pierre und MiquelonSalomonenSambiaSamoaSan MarinoSao Tome and PrincipeSaudi-ArabienSchwedenSchweizSenegalSerbienSeychellenSierra LeoneSimbabweSingapurSlowakeiSlowenienSomaliaSpanienSpitzbergen [&hellip;]<\/p>\n","protected":false},"author":4,"featured_media":0,"parent":201,"menu_order":5,"comment_status":"closed","ping_status":"closed","template":"","meta":{"_seopress_robots_primary_cat":"","_seopress_titles_title":"","_seopress_titles_desc":"","_seopress_robots_index":"","site-sidebar-layout":"no-sidebar","site-content-layout":"page-builder","ast-site-content-layout":"default","site-content-style":"default","site-sidebar-style":"default","ast-global-header-display":"","ast-banner-title-visibility":"","ast-main-header-display":"","ast-hfb-above-header-display":"","ast-hfb-below-header-display":"","ast-hfb-mobile-header-display":"","site-post-title":"disabled","ast-breadcrumbs-content":"","ast-featured-img":"disabled","footer-sml-layout":"","ast-disable-related-posts":"","theme-transparent-header-meta":"default","adv-header-id-meta":"","stick-header-meta":"","header-above-stick-meta":"","header-main-stick-meta":"","header-below-stick-meta":"","astra-migrate-meta-layouts":"default","ast-page-background-enabled":"default","ast-page-background-meta":{"desktop":{"background-color":"","background-image":"","background-repeat":"repeat","background-position":"center center","background-size":"auto","background-attachment":"scroll","background-type":"","background-media":"","overlay-type":"","overlay-color":"","overlay-opacity":"","overlay-gradient":""},"tablet":{"background-color":"","background-image":"","background-repeat":"repeat","background-position":"center center","background-size":"auto","background-attachment":"scroll","background-type":"","background-media":"","overlay-type":"","overlay-color":"","overlay-opacity":"","overlay-gradient":""},"mobile":{"background-color":"","background-image":"","background-repeat":"repeat","background-position":"center center","background-size":"auto","background-attachment":"scroll","background-type":"","background-media":"","overlay-type":"","overlay-color":"","overlay-opacity":"","overlay-gradient":""}},"ast-content-background-meta":{"desktop":{"background-color":"var(--ast-global-color-5)","background-image":"","background-repeat":"repeat","background-position":"center center","background-size":"auto","background-attachment":"scroll","background-type":"","background-media":"","overlay-type":"","overlay-color":"","overlay-opacity":"","overlay-gradient":""},"tablet":{"background-color":"var(--ast-global-color-5)","background-image":"","background-repeat":"repeat","background-position":"center center","background-size":"auto","background-attachment":"scroll","background-type":"","background-media":"","overlay-type":"","overlay-color":"","overlay-opacity":"","overlay-gradient":""},"mobile":{"background-color":"var(--ast-global-color-5)","background-image":"","background-repeat":"repeat","background-position":"center center","background-size":"auto","background-attachment":"scroll","background-type":"","background-media":"","overlay-type":"","overlay-color":"","overlay-opacity":"","overlay-gradient":""}},"footnotes":""},"class_list":["post-231","page","type-page","status-publish","hentry"],"_links":{"self":[{"href":"https:\/\/baudobriga.de\/en\/wp-json\/wp\/v2\/pages\/231","targetHints":{"allow":["GET"]}}],"collection":[{"href":"https:\/\/baudobriga.de\/en\/wp-json\/wp\/v2\/pages"}],"about":[{"href":"https:\/\/baudobriga.de\/en\/wp-json\/wp\/v2\/types\/page"}],"author":[{"embeddable":true,"href":"https:\/\/baudobriga.de\/en\/wp-json\/wp\/v2\/users\/4"}],"replies":[{"embeddable":true,"href":"https:\/\/baudobriga.de\/en\/wp-json\/wp\/v2\/comments?post=231"}],"version-history":[{"count":6,"href":"https:\/\/baudobriga.de\/en\/wp-json\/wp\/v2\/pages\/231\/revisions"}],"predecessor-version":[{"id":4916,"href":"https:\/\/baudobriga.de\/en\/wp-json\/wp\/v2\/pages\/231\/revisions\/4916"}],"up":[{"embeddable":true,"href":"https:\/\/baudobriga.de\/en\/wp-json\/wp\/v2\/pages\/201"}],"wp:attachment":[{"href":"https:\/\/baudobriga.de\/en\/wp-json\/wp\/v2\/media?parent=231"}],"curies":[{"name":"wp","href":"https:\/\/api.w.org\/{rel}","templated":true}]}}